{"id":86,"date":"2021-03-20T23:33:56","date_gmt":"2021-03-21T02:33:56","guid":{"rendered":"https:\/\/forestalforesol.cl\/?page_id=86"},"modified":"2021-03-21T21:18:23","modified_gmt":"2021-03-22T00:18:23","slug":"logs","status":"publish","type":"page","link":"https:\/\/forestalforesol.cl\/ja\/logs\/","title":{"rendered":"LUMBER"},"content":{"rendered":"<div data-elementor-type=\"wp-page\" data-elementor-id=\"86\" class=\"elementor elementor-86\" data-elementor-settings=\"[]\">\n\t\t\t\t\t\t<div class=\"elementor-inner\">\n\t\t\t\t\t\t\t<div class=\"elementor-section-wrap\">\n\t\t\t\t\t\t\t<section class=\"elementor-section elementor-top-section elementor-element elementor-element-dc5b32e elementor-section-boxed elementor-section-height-default elementor-section-height-default\" data-id=\"dc5b32e\" data-element_type=\"section\">\n\t\t\t\t\t\t<div class=\"elementor-container elementor-column-gap-default\">\n\t\t\t\t\t\t\t<div class=\"elementor-row\">\n\t\t\t\t\t<div class=\"elementor-column elementor-col-100 elementor-top-column elementor-element elementor-element-ab4e870\" data-id=\"ab4e870\" data-element_type=\"column\">\n\t\t\t<div class=\"elementor-column-wrap elementor-element-populated\">\n\t\t\t\t\t\t\t<div class=\"elementor-widget-wrap\">\n\t\t\t\t\t\t<div class=\"elementor-element elementor-element-cbc7d32 gallery-spacing-custom elementor-widget elementor-widget-image-gallery\" data-id=\"cbc7d32\" data-element_type=\"widget\" data-widget_type=\"image-gallery.default\">\n\t\t\t\t<div class=\"elementor-widget-container\">\n\t\t\t\t\t<div class=\"elementor-image-gallery\">\n\t\t\t<div id='gallery-1' class='gallery galleryid-86 gallery-columns-4 gallery-size-thumbnail'><figure class='gallery-item'>\n\t\t\t<div class='gallery-icon landscape'>\n\t\t\t\t<a data-elementor-open-lightbox=\"yes\" data-elementor-lightbox-slideshow=\"cbc7d32\" data-elementor-lightbox-title=\"1\" href='https:\/\/forestalforesol.cl\/wp-content\/uploads\/2021\/03\/1.jpg'><img loading=\"lazy\" decoding=\"async\" width=\"150\" height=\"150\" src=\"https:\/\/forestalforesol.cl\/wp-content\/uploads\/2021\/03\/1-150x150.jpg\" class=\"attachment-thumbnail size-thumbnail\" alt=\"\" aria-describedby=\"gallery-1-101\" \/><\/a>\n\t\t\t<\/div>\n\t\t\t\t<figcaption class='wp-caption-text gallery-caption' id='gallery-1-101'>\n\t\t\t\t1\n\t\t\t\t<\/figcaption><\/figure><figure class='gallery-item'>\n\t\t\t<div class='gallery-icon landscape'>\n\t\t\t\t<a data-elementor-open-lightbox=\"yes\" data-elementor-lightbox-slideshow=\"cbc7d32\" data-elementor-lightbox-title=\"2\" href='https:\/\/forestalforesol.cl\/wp-content\/uploads\/2021\/03\/2.jpg'><img loading=\"lazy\" decoding=\"async\" width=\"150\" height=\"150\" src=\"https:\/\/forestalforesol.cl\/wp-content\/uploads\/2021\/03\/2-150x150.jpg\" class=\"attachment-thumbnail size-thumbnail\" alt=\"\" aria-describedby=\"gallery-1-102\" \/><\/a>\n\t\t\t<\/div>\n\t\t\t\t<figcaption class='wp-caption-text gallery-caption' id='gallery-1-102'>\n\t\t\t\t2\n\t\t\t\t<\/figcaption><\/figure><figure class='gallery-item'>\n\t\t\t<div class='gallery-icon landscape'>\n\t\t\t\t<a data-elementor-open-lightbox=\"yes\" data-elementor-lightbox-slideshow=\"cbc7d32\" data-elementor-lightbox-title=\"3\" href='https:\/\/forestalforesol.cl\/wp-content\/uploads\/2021\/03\/3.jpg'><img loading=\"lazy\" decoding=\"async\" width=\"150\" height=\"150\" src=\"https:\/\/forestalforesol.cl\/wp-content\/uploads\/2021\/03\/3-150x150.jpg\" class=\"attachment-thumbnail size-thumbnail\" alt=\"\" aria-describedby=\"gallery-1-103\" \/><\/a>\n\t\t\t<\/div>\n\t\t\t\t<figcaption class='wp-caption-text gallery-caption' id='gallery-1-103'>\n\t\t\t\t3\n\t\t\t\t<\/figcaption><\/figure><figure class='gallery-item'>\n\t\t\t<div class='gallery-icon landscape'>\n\t\t\t\t<a data-elementor-open-lightbox=\"yes\" data-elementor-lightbox-slideshow=\"cbc7d32\" data-elementor-lightbox-title=\"4\" href='https:\/\/forestalforesol.cl\/wp-content\/uploads\/2021\/03\/4.jpg'><img loading=\"lazy\" decoding=\"async\" width=\"150\" height=\"150\" src=\"https:\/\/forestalforesol.cl\/wp-content\/uploads\/2021\/03\/4-150x150.jpg\" class=\"attachment-thumbnail size-thumbnail\" alt=\"\" aria-describedby=\"gallery-1-104\" \/><\/a>\n\t\t\t<\/div>\n\t\t\t\t<figcaption class='wp-caption-text gallery-caption' id='gallery-1-104'>\n\t\t\t\t4\n\t\t\t\t<\/figcaption><\/figure><figure class='gallery-item'>\n\t\t\t<div class='gallery-icon portrait'>\n\t\t\t\t<a data-elementor-open-lightbox=\"yes\" data-elementor-lightbox-slideshow=\"cbc7d32\" data-elementor-lightbox-title=\"5\" href='https:\/\/forestalforesol.cl\/wp-content\/uploads\/2021\/03\/5.jpg'><img loading=\"lazy\" decoding=\"async\" width=\"150\" height=\"150\" src=\"https:\/\/forestalforesol.cl\/wp-content\/uploads\/2021\/03\/5-150x150.jpg\" class=\"attachment-thumbnail size-thumbnail\" alt=\"\" aria-describedby=\"gallery-1-105\" \/><\/a>\n\t\t\t<\/div>\n\t\t\t\t<figcaption class='wp-caption-text gallery-caption' id='gallery-1-105'>\n\t\t\t\t5\n\t\t\t\t<\/figcaption><\/figure><figure class='gallery-item'>\n\t\t\t<div class='gallery-icon portrait'>\n\t\t\t\t<a data-elementor-open-lightbox=\"yes\" data-elementor-lightbox-slideshow=\"cbc7d32\" data-elementor-lightbox-title=\"6\" href='https:\/\/forestalforesol.cl\/wp-content\/uploads\/2021\/03\/6.jpg'><img loading=\"lazy\" decoding=\"async\" width=\"150\" height=\"150\" src=\"https:\/\/forestalforesol.cl\/wp-content\/uploads\/2021\/03\/6-150x150.jpg\" class=\"attachment-thumbnail size-thumbnail\" alt=\"\" aria-describedby=\"gallery-1-106\" \/><\/a>\n\t\t\t<\/div>\n\t\t\t\t<figcaption class='wp-caption-text gallery-caption' id='gallery-1-106'>\n\t\t\t\t6\n\t\t\t\t<\/figcaption><\/figure><figure class='gallery-item'>\n\t\t\t<div class='gallery-icon landscape'>\n\t\t\t\t<a data-elementor-open-lightbox=\"yes\" data-elementor-lightbox-slideshow=\"cbc7d32\" data-elementor-lightbox-title=\"7\" href='https:\/\/forestalforesol.cl\/wp-content\/uploads\/2021\/03\/7.jpg'><img loading=\"lazy\" decoding=\"async\" width=\"150\" height=\"150\" src=\"https:\/\/forestalforesol.cl\/wp-content\/uploads\/2021\/03\/7-150x150.jpg\" class=\"attachment-thumbnail size-thumbnail\" alt=\"\" aria-describedby=\"gallery-1-107\" \/><\/a>\n\t\t\t<\/div>\n\t\t\t\t<figcaption class='wp-caption-text gallery-caption' id='gallery-1-107'>\n\t\t\t\t7\n\t\t\t\t<\/figcaption><\/figure><figure class='gallery-item'>\n\t\t\t<div class='gallery-icon portrait'>\n\t\t\t\t<a data-elementor-open-lightbox=\"yes\" data-elementor-lightbox-slideshow=\"cbc7d32\" data-elementor-lightbox-title=\"8\" href='https:\/\/forestalforesol.cl\/wp-content\/uploads\/2021\/03\/8.jpg'><img loading=\"lazy\" decoding=\"async\" width=\"150\" height=\"150\" src=\"https:\/\/forestalforesol.cl\/wp-content\/uploads\/2021\/03\/8-150x150.jpg\" class=\"attachment-thumbnail size-thumbnail\" alt=\"\" aria-describedby=\"gallery-1-108\" \/><\/a>\n\t\t\t<\/div>\n\t\t\t\t<figcaption class='wp-caption-text gallery-caption' id='gallery-1-108'>\n\t\t\t\t8\n\t\t\t\t<\/figcaption><\/figure><figure class='gallery-item'>\n\t\t\t<div class='gallery-icon landscape'>\n\t\t\t\t<a data-elementor-open-lightbox=\"yes\" data-elementor-lightbox-slideshow=\"cbc7d32\" data-elementor-lightbox-title=\"9\" href='https:\/\/forestalforesol.cl\/wp-content\/uploads\/2021\/03\/9.jpg'><img loading=\"lazy\" decoding=\"async\" width=\"150\" height=\"150\" src=\"https:\/\/forestalforesol.cl\/wp-content\/uploads\/2021\/03\/9-150x150.jpg\" class=\"attachment-thumbnail size-thumbnail\" alt=\"\" aria-describedby=\"gallery-1-109\" \/><\/a>\n\t\t\t<\/div>\n\t\t\t\t<figcaption class='wp-caption-text gallery-caption' id='gallery-1-109'>\n\t\t\t\t9\n\t\t\t\t<\/figcaption><\/figure><figure class='gallery-item'>\n\t\t\t<div class='gallery-icon portrait'>\n\t\t\t\t<a data-elementor-open-lightbox=\"yes\" data-elementor-lightbox-slideshow=\"cbc7d32\" data-elementor-lightbox-title=\"10\" href='https:\/\/forestalforesol.cl\/wp-content\/uploads\/2021\/03\/10.jpg'><img loading=\"lazy\" decoding=\"async\" width=\"150\" height=\"150\" src=\"https:\/\/forestalforesol.cl\/wp-content\/uploads\/2021\/03\/10-150x150.jpg\" class=\"attachment-thumbnail size-thumbnail\" alt=\"\" aria-describedby=\"gallery-1-110\" \/><\/a>\n\t\t\t<\/div>\n\t\t\t\t<figcaption class='wp-caption-text gallery-caption' id='gallery-1-110'>\n\t\t\t\t10\n\t\t\t\t<\/figcaption><\/figure><figure class='gallery-item'>\n\t\t\t<div class='gallery-icon landscape'>\n\t\t\t\t<a data-elementor-open-lightbox=\"yes\" data-elementor-lightbox-slideshow=\"cbc7d32\" data-elementor-lightbox-title=\"11\" href='https:\/\/forestalforesol.cl\/wp-content\/uploads\/2021\/03\/11.png'><img loading=\"lazy\" decoding=\"async\" width=\"150\" height=\"150\" src=\"https:\/\/forestalforesol.cl\/wp-content\/uploads\/2021\/03\/11-150x150.png\" class=\"attachment-thumbnail size-thumbnail\" alt=\"\" aria-describedby=\"gallery-1-111\" \/><\/a>\n\t\t\t<\/div>\n\t\t\t\t<figcaption class='wp-caption-text gallery-caption' id='gallery-1-111'>\n\t\t\t\t11\n\t\t\t\t<\/figcaption><\/figure><figure class='gallery-item'>\n\t\t\t<div class='gallery-icon landscape'>\n\t\t\t\t<a data-elementor-open-lightbox=\"yes\" data-elementor-lightbox-slideshow=\"cbc7d32\" data-elementor-lightbox-title=\"12\" href='https:\/\/forestalforesol.cl\/wp-content\/uploads\/2021\/03\/12.png'><img loading=\"lazy\" decoding=\"async\" width=\"150\" height=\"150\" src=\"https:\/\/forestalforesol.cl\/wp-content\/uploads\/2021\/03\/12-150x150.png\" class=\"attachment-thumbnail size-thumbnail\" alt=\"\" aria-describedby=\"gallery-1-112\" \/><\/a>\n\t\t\t<\/div>\n\t\t\t\t<figcaption class='wp-caption-text gallery-caption' id='gallery-1-112'>\n\t\t\t\t12\n\t\t\t\t<\/figcaption><\/figure><figure class='gallery-item'>\n\t\t\t<div class='gallery-icon landscape'>\n\t\t\t\t<a data-elementor-open-lightbox=\"yes\" data-elementor-lightbox-slideshow=\"cbc7d32\" data-elementor-lightbox-title=\"13\" href='https:\/\/forestalforesol.cl\/wp-content\/uploads\/2021\/03\/13.png'><img loading=\"lazy\" decoding=\"async\" width=\"150\" height=\"150\" src=\"https:\/\/forestalforesol.cl\/wp-content\/uploads\/2021\/03\/13-150x150.png\" class=\"attachment-thumbnail size-thumbnail\" alt=\"\" aria-describedby=\"gallery-1-113\" \/><\/a>\n\t\t\t<\/div>\n\t\t\t\t<figcaption class='wp-caption-text gallery-caption' id='gallery-1-113'>\n\t\t\t\t13\n\t\t\t\t<\/figcaption><\/figure><figure class='gallery-item'>\n\t\t\t<div class='gallery-icon landscape'>\n\t\t\t\t<a data-elementor-open-lightbox=\"yes\" data-elementor-lightbox-slideshow=\"cbc7d32\" data-elementor-lightbox-title=\"14\" href='https:\/\/forestalforesol.cl\/wp-content\/uploads\/2021\/03\/14.png'><img loading=\"lazy\" decoding=\"async\" width=\"150\" height=\"150\" src=\"https:\/\/forestalforesol.cl\/wp-content\/uploads\/2021\/03\/14-150x150.png\" class=\"attachment-thumbnail size-thumbnail\" alt=\"\" aria-describedby=\"gallery-1-100\" \/><\/a>\n\t\t\t<\/div>\n\t\t\t\t<figcaption class='wp-caption-text gallery-caption' id='gallery-1-100'>\n\t\t\t\t14\n\t\t\t\t<\/figcaption><\/figure>\n\t\t<\/div>\n\t\t<\/div>\n\t\t\t\t<\/div>\n\t\t\t\t<\/div>\n\t\t\t\t\t\t<\/div>\n\t\t\t\t\t<\/div>\n\t\t<\/div>\n\t\t\t\t\t\t\t\t<\/div>\n\t\t\t\t\t<\/div>\n\t\t<\/section>\n\t\t\t\t\t\t<\/div>\n\t\t\t\t\t\t<\/div>\n\t\t\t\t\t<\/div>","protected":false},"excerpt":{"rendered":"<p>Pino radiata Col grade Especificaciones: Madera r\u00fastica, seca en c\u00e1mara 8% al 12%No acepta m\u00e9dula, no acepta mancha az\u00falMadera 60% libre de defectos entre sus cortes Dimensiones: Espesor: 16-19-22-24-32-37-45-50mmAncho: 90mm y m\u00e1sLargo: 2.000mm y m\u00e1s Tolerancias: E: -0+3mmA: -0+3mmL: -0+3mm Mill run grade Especificaciones: Madera r\u00fastica, seca en c\u00e1mara 8% al 12%Acepta 40% de m\u00e9dulaNo acepta mancha az\u00fal, ni mancha aceite o barro Dimensiones: Espesor: 18-22-25-32-37-40-45-55mmAncho: 90mm y m\u00e1sLargo: 2.000mm y m\u00e1s Tolerancias: E: -0+3mmA: -0+3mmL: -0+3mm Pino radiata Col grade Specifications: Rustic wood, chamber dry 8% to 12%Does not accept marrow, does not accept blue stainWood 60% free of defects between cuts Dimensions: Thickness: 16-19-22-24-32-37-45-50mmWidth: 90mm and moreLong: 2.000mm [&hellip;]<\/p>","protected":false},"author":1,"featured_media":0,"parent":0,"menu_order":0,"comment_status":"closed","ping_status":"closed","template":"","meta":{"footnotes":""},"class_list":["post-86","page","type-page","status-publish","hentry"],"_links":{"self":[{"href":"https:\/\/forestalforesol.cl\/ja\/wp-json\/wp\/v2\/pages\/86","targetHints":{"allow":["GET"]}}],"collection":[{"href":"https:\/\/forestalforesol.cl\/ja\/wp-json\/wp\/v2\/pages"}],"about":[{"href":"https:\/\/forestalforesol.cl\/ja\/wp-json\/wp\/v2\/types\/page"}],"author":[{"embeddable":true,"href":"https:\/\/forestalforesol.cl\/ja\/wp-json\/wp\/v2\/users\/1"}],"replies":[{"embeddable":true,"href":"https:\/\/forestalforesol.cl\/ja\/wp-json\/wp\/v2\/comments?post=86"}],"version-history":[{"count":17,"href":"https:\/\/forestalforesol.cl\/ja\/wp-json\/wp\/v2\/pages\/86\/revisions"}],"predecessor-version":[{"id":125,"href":"https:\/\/forestalforesol.cl\/ja\/wp-json\/wp\/v2\/pages\/86\/revisions\/125"}],"wp:attachment":[{"href":"https:\/\/forestalforesol.cl\/ja\/wp-json\/wp\/v2\/media?parent=86"}],"curies":[{"name":"wp","href":"https:\/\/api.w.org\/{rel}","templated":true}]}}