{"id":75,"date":"2021-03-20T23:06:56","date_gmt":"2021-03-21T02:06:56","guid":{"rendered":"https:\/\/forestalforesol.cl\/?page_id=75"},"modified":"2023-08-17T21:25:58","modified_gmt":"2023-08-18T00:25:58","slug":"compramos","status":"publish","type":"page","link":"https:\/\/forestalforesol.cl\/ja\/compramos\/","title":{"rendered":"COMPRAMOS"},"content":{"rendered":"<div data-elementor-type=\"wp-page\" data-elementor-id=\"75\" class=\"elementor elementor-75\" data-elementor-settings=\"[]\">\n\t\t\t\t\t\t<div class=\"elementor-inner\">\n\t\t\t\t\t\t\t<div class=\"elementor-section-wrap\">\n\t\t\t\t\t\t\t<section class=\"elementor-section elementor-top-section elementor-element elementor-element-e2a2224 elementor-section-boxed elementor-section-height-default elementor-section-height-default\" data-id=\"e2a2224\" data-element_type=\"section\" data-no-translation=\"\">\n\t\t\t\t\t\t<div class=\"elementor-container elementor-column-gap-default\">\n\t\t\t\t\t\t\t<div class=\"elementor-row\">\n\t\t\t\t\t<div class=\"elementor-column elementor-col-66 elementor-top-column elementor-element elementor-element-16b567f\" data-id=\"16b567f\" data-element_type=\"column\">\n\t\t\t<div class=\"elementor-column-wrap elementor-element-populated\">\n\t\t\t\t\t\t\t<div class=\"elementor-widget-wrap\">\n\t\t\t\t\t\t<div class=\"elementor-element elementor-element-a540b6a elementor-widget elementor-widget-heading\" data-id=\"a540b6a\" data-element_type=\"widget\" data-widget_type=\"heading.default\">\n\t\t\t\t<div class=\"elementor-widget-container\">\n\t\t\t<h2 class=\"elementor-heading-title elementor-size-default\">\u30e9\u30b8\u30a2\u30fc\u30bf\u30d1\u30a4\u30f3\u3001E\u3002globulus\u3001E\u3002mitens\u306e\u7acb\u6728<\/h2>\t\t<\/div>\n\t\t\t\t<\/div>\n\t\t\t\t<div class=\"elementor-element elementor-element-9f2c445 elementor-widget elementor-widget-text-editor\" data-id=\"9f2c445\" data-element_type=\"widget\" data-widget_type=\"text-editor.default\">\n\t\t\t\t<div class=\"elementor-widget-container\">\n\t\t\t\t\t<div class=\"elementor-text-editor elementor-clearfix\"><p>\u30e9\u30b8\u30a2\u30fc\u30bf\u30d1\u30a4\u30f3\u3001E\u3002globulus\u3001E\u3002nitens\u306e\u7acb\u6797\u3092\u8cfc\u5165\u3057\u307e\u3059\u3002\u30e9\u30b8\u30a2\u30fc\u30bf\u30d1\u30a4\u30f3\u306e\u5834\u5408\u3001\u4e3b\u306b\u88fd\u6750\u53ef\u80fd\u306a18\u6b73\u4ee5\u4e0a\u306e\u68ee\u6797\u304c\u5f97\u3089\u308c\u307e\u3059\u3002 E. globulus\u306e\u5834\u5408\u3001\u68ee\u6797\u306f10\u5e74\u4ee5\u4e0a\u7d4c\u904e\u3057\u3066\u3044\u308b\u5fc5\u8981\u304c\u3042\u308a\u307e\u3059\u3002 14\u6b73\u304b\u3089\u306eE.nitens\u3002<\/p><\/div>\n\t\t\t\t<\/div>\n\t\t\t\t<\/div>\n\t\t\t\t<div class=\"elementor-element elementor-element-3d8b180 elementor-widget elementor-widget-heading\" data-id=\"3d8b180\" data-element_type=\"widget\" data-widget_type=\"heading.default\">\n\t\t\t\t<div class=\"elementor-widget-container\">\n\t\t\t<h2 class=\"elementor-heading-title elementor-size-default\">\u30e9\u30b8\u30a2\u30fc\u30bf\u30d1\u30a4\u30f3\u3001\u30e6\u30fc\u30ab\u30ea\u30b0\u30ed\u30d6\u30eb\u30b9\u3001\u30e6\u30fc\u30ab\u30ea\u30b9\u30ea\u30fc\u30af\u306e\u30ed\u30ea\u30be\u30b9\u30d1\u30eb\u30d7\u53ef\u80fd<\/h2>\t\t<\/div>\n\t\t\t\t<\/div>\n\t\t\t\t<div class=\"elementor-element elementor-element-6dbc579 elementor-widget elementor-widget-text-editor\" data-id=\"6dbc579\" data-element_type=\"widget\" data-widget_type=\"text-editor.default\">\n\t\t\t\t<div class=\"elementor-widget-container\">\n\t\t\t\t\t<div class=\"elementor-text-editor elementor-clearfix\"><p>\u30e9\u30b8\u30a2\u30fc\u30bf\u30d1\u30a4\u30f3\u30d1\u30eb\u30d7\u6750\u306e\u4e38\u592a\u306f\u3001\u6700\u5c0f\u76f4\u5f84\u304c8cm\u3067\u3042\u308b\u5fc5\u8981\u304c\u3042\u308a\u307e\u3059\u3002\u6700\u5927\u76f4\u5f84\u306f45cm\u3067\u3059\u3002\u9577\u3055\u306e\u751f\u7523\u306f2.44\u30e1\u30fc\u30c8\u30eb\u3067\u306a\u3051\u308c\u3070\u306a\u308a\u307e\u305b\u3093\u3002 Eucalyptusglobulus\u3068Eucalyptusnitens\u3002\u3053\u308c\u3089\u306e\u3082\u306e\u306f3.5\u30e1\u30fc\u30c8\u30eb\u307e\u305f\u306f\u3067\u304d\u308c\u30702.44\u306e\u9577\u3055\u3067\u8cfc\u5165\u3055\u308c\u307e\u3059\u3002\u305d\u308c\u3089\u306e\u6700\u5c0f\u76f4\u5f84\u306f6cm\u304b\u3089\u8a2d\u5b9a\u3055\u308c\u3066\u3044\u307e\u3059\u3002\u6a39\u76ae\u306e\u306a\u3044\u88fd\u54c1\u306e\u5834\u5408\u3001\u6a39\u76ae\u306e\u6728\u306e\u4e38\u592a\u306e\u5834\u5408\u306f8\u30bb\u30f3\u30c1\u30e1\u30fc\u30c8\u30eb\u3001\u6700\u5927\u76f4\u5f84\u306e\u5236\u9650\u306f\u3042\u308a\u307e\u305b\u3093\u3002<\/p><\/div>\n\t\t\t\t<\/div>\n\t\t\t\t<\/div>\n\t\t\t\t\t\t<\/div>\n\t\t\t\t\t<\/div>\n\t\t<\/div>\n\t\t\t\t<div class=\"elementor-column elementor-col-33 elementor-top-column elementor-element elementor-element-7d16a45\" data-id=\"7d16a45\" data-element_type=\"column\">\n\t\t\t<div class=\"elementor-column-wrap elementor-element-populated\">\n\t\t\t\t\t\t\t<div class=\"elementor-widget-wrap\">\n\t\t\t\t\t\t<div class=\"elementor-element elementor-element-f46795c elementor-widget elementor-widget-image\" data-id=\"f46795c\" data-element_type=\"widget\" data-widget_type=\"image.default\">\n\t\t\t\t<div class=\"elementor-widget-container\">\n\t\t\t\t\t<div class=\"elementor-image\">\n\t\t\t\t\t\t\t\t\t\t<img decoding=\"async\" src=\"https:\/\/forestalforesol.cl\/wp-content\/uploads\/elementor\/thumbs\/compramos-p4iupb7vxyttvbfgri3jhpnbnrc627bui9onlzrn6o.jpg\" title=\"compramos\" alt=\"compramos\" \/>\t\t\t\t\t\t\t\t\t\t\t<\/div>\n\t\t\t\t<\/div>\n\t\t\t\t<\/div>\n\t\t\t\t\t\t<\/div>\n\t\t\t\t\t<\/div>\n\t\t<\/div>\n\t\t\t\t\t\t\t\t<\/div>\n\t\t\t\t\t<\/div>\n\t\t<\/section>\n\t\t\t\t\t\t<\/div>\n\t\t\t\t\t\t<\/div>\n\t\t\t\t\t<\/div>","protected":false},"excerpt":{"rendered":"<p>Bosques en pie de Pino Radiata, E. globulus y E. mitens Compramos bosques en pie de Pino Radiata, E. globulus y E. nitens. En el caso del Pino Radiata, bosques con una edad de 18 y m\u00e1s a\u00f1os donde se obtengan productos aserreables principalmente. Para E. globulus los bosques deben tener una edad de 10 a\u00f1os y m\u00e1s; E. nitens a partir de los 14 a\u00f1os. Rollizos pulpables de Pino Radiata, E. globulus y E. nitens Los rollizos pulpables de Pino Radiata deben tener un di\u00e1metro m\u00ednimo de 8 y m\u00e1ximo de 45 cent\u00edmetros. El largo de producci\u00f3n debe ser 2,44 metros. E. globulus y E. nitens. Estos se compran [&hellip;]<\/p>","protected":false},"author":1,"featured_media":0,"parent":0,"menu_order":0,"comment_status":"closed","ping_status":"closed","template":"","meta":{"footnotes":""},"class_list":["post-75","page","type-page","status-publish","hentry"],"_links":{"self":[{"href":"https:\/\/forestalforesol.cl\/ja\/wp-json\/wp\/v2\/pages\/75","targetHints":{"allow":["GET"]}}],"collection":[{"href":"https:\/\/forestalforesol.cl\/ja\/wp-json\/wp\/v2\/pages"}],"about":[{"href":"https:\/\/forestalforesol.cl\/ja\/wp-json\/wp\/v2\/types\/page"}],"author":[{"embeddable":true,"href":"https:\/\/forestalforesol.cl\/ja\/wp-json\/wp\/v2\/users\/1"}],"replies":[{"embeddable":true,"href":"https:\/\/forestalforesol.cl\/ja\/wp-json\/wp\/v2\/comments?post=75"}],"version-history":[{"count":8,"href":"https:\/\/forestalforesol.cl\/ja\/wp-json\/wp\/v2\/pages\/75\/revisions"}],"predecessor-version":[{"id":313,"href":"https:\/\/forestalforesol.cl\/ja\/wp-json\/wp\/v2\/pages\/75\/revisions\/313"}],"wp:attachment":[{"href":"https:\/\/forestalforesol.cl\/ja\/wp-json\/wp\/v2\/media?parent=75"}],"curies":[{"name":"wp","href":"https:\/\/api.w.org\/{rel}","templated":true}]}}