{"id":251,"date":"2021-03-21T22:37:49","date_gmt":"2021-03-22T01:37:49","guid":{"rendered":"https:\/\/forestalforesol.cl\/?page_id=251"},"modified":"2022-06-20T10:28:52","modified_gmt":"2022-06-20T13:28:52","slug":"contacto","status":"publish","type":"page","link":"https:\/\/forestalforesol.cl\/ja\/contacto\/","title":{"rendered":"CONTACTO"},"content":{"rendered":"<div data-elementor-type=\"wp-page\" data-elementor-id=\"251\" class=\"elementor elementor-251\" data-elementor-settings=\"[]\">\n\t\t\t\t\t\t<div class=\"elementor-inner\">\n\t\t\t\t\t\t\t<div class=\"elementor-section-wrap\">\n\t\t\t\t\t\t\t<section class=\"elementor-section elementor-top-section elementor-element elementor-element-c838a8f elementor-section-boxed elementor-section-height-default elementor-section-height-default\" data-id=\"c838a8f\" data-element_type=\"section\" data-no-translation=\"\">\n\t\t\t\t\t\t<div class=\"elementor-container elementor-column-gap-default\">\n\t\t\t\t\t\t\t<div class=\"elementor-row\">\n\t\t\t\t\t<div class=\"elementor-column elementor-col-50 elementor-top-column elementor-element elementor-element-13d6e30\" data-id=\"13d6e30\" data-element_type=\"column\">\n\t\t\t<div class=\"elementor-column-wrap elementor-element-populated\">\n\t\t\t\t\t\t\t<div class=\"elementor-widget-wrap\">\n\t\t\t\t\t\t<div class=\"elementor-element elementor-element-f5bd8e1 elementor-widget elementor-widget-text-editor\" data-id=\"f5bd8e1\" data-element_type=\"widget\" data-widget_type=\"text-editor.default\">\n\t\t\t\t<div class=\"elementor-widget-container\">\n\t\t\t\t\t<div class=\"elementor-text-editor elementor-clearfix\"><p>\u304a\u554f\u3044\u5408\u308f\u305b\u306e\u969b\u306f\u3001\u4ee5\u4e0b\u306e\u30d5\u30a9\u30fc\u30e0\u306b\u3054\u8a18\u5165\u306e\u4e0a\u3001\u304a\u554f\u3044\u5408\u308f\u305b\u304f\u3060\u3055\u3044\u3002\u65e9\u6025\u306b\u5bfe\u5fdc\u3055\u305b\u3066\u3044\u305f\u3060\u304d\u307e\u3059\u3002<\/p><\/div>\n\t\t\t\t<\/div>\n\t\t\t\t<\/div>\n\t\t\t\t<div class=\"elementor-element elementor-element-adb00b4 elementor-button-align-stretch elementor-widget elementor-widget-form\" data-id=\"adb00b4\" data-element_type=\"widget\" data-settings=\"{&quot;step_next_label&quot;:&quot;Next&quot;,&quot;step_previous_label&quot;:&quot;Previous&quot;,&quot;button_width&quot;:&quot;100&quot;,&quot;step_type&quot;:&quot;number_text&quot;,&quot;step_icon_shape&quot;:&quot;circle&quot;}\" data-widget_type=\"form.default\">\n\t\t\t\t<div class=\"elementor-widget-container\">\n\t\t\t\t\t<form class=\"elementor-form\" method=\"post\" name=\"Formulario\" action=\"\">\n\t\t\t<input type=\"hidden\" name=\"post_id\" value=\"251\"\/>\n\t\t\t<input type=\"hidden\" name=\"form_id\" value=\"adb00b4\"\/>\n\n\t\t\t\n\t\t\t<div class=\"elementor-form-fields-wrapper elementor-labels-above\">\n\t\t\t\t\t\t\t\t<div class=\"elementor-field-type-text elementor-field-group elementor-column elementor-field-group-nombre elementor-col-50 elementor-field-required elementor-mark-required\">\n\t\t\t\t\t<label for=\"form-field-nombre\" class=\"elementor-field-label\">\u540d\u524d<\/label><input size=\"1\" type=\"text\" name=\"form_fields[nombre]\" id=\"form-field-nombre\" class=\"elementor-field elementor-size-sm  elementor-field-textual\" required=\"required\" aria-required=\"true\">\t\t\t\t<\/div>\n\t\t\t\t\t\t\t\t<div class=\"elementor-field-type-text elementor-field-group elementor-column elementor-field-group-telefono elementor-col-50 elementor-field-required elementor-mark-required\">\n\t\t\t\t\t<label for=\"form-field-telefono\" class=\"elementor-field-label\">\u96fb\u8a71<\/label><input size=\"1\" type=\"text\" name=\"form_fields[telefono]\" id=\"form-field-telefono\" class=\"elementor-field elementor-size-sm  elementor-field-textual\" required=\"required\" aria-required=\"true\">\t\t\t\t<\/div>\n\t\t\t\t\t\t\t\t<div class=\"elementor-field-type-email elementor-field-group elementor-column elementor-field-group-email elementor-col-100 elementor-field-required elementor-mark-required\">\n\t\t\t\t\t<label for=\"form-field-email\" class=\"elementor-field-label\">\u96fb\u5b50\u30e1\u30a4\u30eb<\/label><input size=\"1\" type=\"email\" name=\"form_fields[email]\" id=\"form-field-email\" class=\"elementor-field elementor-size-sm  elementor-field-textual\" placeholder=\"Email\" required=\"required\" aria-required=\"true\">\t\t\t\t<\/div>\n\t\t\t\t\t\t\t\t<div class=\"elementor-field-type-text elementor-field-group elementor-column elementor-field-group-asunto elementor-col-100 elementor-field-required elementor-mark-required\">\n\t\t\t\t\t<label for=\"form-field-asunto\" class=\"elementor-field-label\">\u7406\u7531<\/label><input size=\"1\" type=\"text\" name=\"form_fields[asunto]\" id=\"form-field-asunto\" class=\"elementor-field elementor-size-sm  elementor-field-textual\" required=\"required\" aria-required=\"true\">\t\t\t\t<\/div>\n\t\t\t\t\t\t\t\t<div class=\"elementor-field-type-textarea elementor-field-group elementor-column elementor-field-group-mensaje elementor-col-100 elementor-field-required elementor-mark-required\">\n\t\t\t\t\t<label for=\"form-field-mensaje\" class=\"elementor-field-label\">\u30e1\u30c3\u30bb\u30fc\u30b8<\/label><textarea class=\"elementor-field-textual elementor-field  elementor-size-sm\" name=\"form_fields[mensaje]\" id=\"form-field-mensaje\" rows=\"4\" required=\"required\" aria-required=\"true\"><\/textarea>\t\t\t\t<\/div>\n\t\t\t\t\t\t\t\t<div class=\"elementor-field-group elementor-column elementor-field-type-submit elementor-col-100 e-form__buttons\">\n\t\t\t\t\t<button type=\"submit\" class=\"elementor-button elementor-size-sm\">\n\t\t\t\t\t\t<span >\n\t\t\t\t\t\t\t\t\t\t\t\t\t\t\t<span class=\"elementor-button-icon\">\n\t\t\t\t\t\t\t\t\t\t\t\t\t\t\t\t\t\t\t\t\t\t\t\t\t\t<\/span>\n\t\t\t\t\t\t\t\t\t\t\t\t\t\t\t\t\t\t\t\t\t\t<span class=\"elementor-button-text\">\u30e1\u30c3\u30bb\u30fc\u30b8\u3092\u9001\u308b<\/span>\n\t\t\t\t\t\t\t\t\t\t\t\t\t<\/span>\n\t\t\t\t\t<\/button>\n\t\t\t\t<\/div>\n\t\t\t<\/div>\n\t\t<input type=\"hidden\" name=\"trp-form-language\" value=\"ja\"\/><\/form>\n\t\t\t\t<\/div>\n\t\t\t\t<\/div>\n\t\t\t\t\t\t<\/div>\n\t\t\t\t\t<\/div>\n\t\t<\/div>\n\t\t\t\t<div class=\"elementor-column elementor-col-50 elementor-top-column elementor-element elementor-element-e96e929\" data-id=\"e96e929\" data-element_type=\"column\">\n\t\t\t<div class=\"elementor-column-wrap elementor-element-populated\">\n\t\t\t\t\t\t\t<div class=\"elementor-widget-wrap\">\n\t\t\t\t\t\t<div class=\"elementor-element elementor-element-c5febf1 elementor-widget elementor-widget-google_maps\" data-id=\"c5febf1\" data-element_type=\"widget\" data-widget_type=\"google_maps.default\">\n\t\t\t\t<div class=\"elementor-widget-container\">\n\t\t\t<div class=\"elementor-custom-embed\"><iframe frameborder=\"0\" scrolling=\"no\" marginheight=\"0\" marginwidth=\"0\" src=\"https:\/\/maps.google.com\/maps?q=Arturo%20Prat%20199&amp;t=m&amp;z=17&amp;output=embed&amp;iwloc=near\" title=\"Arturo Prat 199\" aria-label=\"Arturo Prat 199\"><\/iframe><\/div>\t\t<\/div>\n\t\t\t\t<\/div>\n\t\t\t\t\t\t<\/div>\n\t\t\t\t\t<\/div>\n\t\t<\/div>\n\t\t\t\t\t\t\t\t<\/div>\n\t\t\t\t\t<\/div>\n\t\t<\/section>\n\t\t\t\t<section class=\"elementor-section elementor-top-section elementor-element elementor-element-a0fa7e3 elementor-section-boxed elementor-section-height-default elementor-section-height-default\" data-id=\"a0fa7e3\" data-element_type=\"section\" data-no-translation=\"\">\n\t\t\t\t\t\t<div class=\"elementor-container elementor-column-gap-default\">\n\t\t\t\t\t\t\t<div class=\"elementor-row\">\n\t\t\t\t\t<div class=\"elementor-column elementor-col-100 elementor-top-column elementor-element elementor-element-043aebf\" data-id=\"043aebf\" data-element_type=\"column\">\n\t\t\t<div class=\"elementor-column-wrap elementor-element-populated\">\n\t\t\t\t\t\t\t<div class=\"elementor-widget-wrap\">\n\t\t\t\t\t\t<section class=\"elementor-section elementor-inner-section elementor-element elementor-element-7ba175b elementor-section-boxed elementor-section-height-default elementor-section-height-default\" data-id=\"7ba175b\" data-element_type=\"section\">\n\t\t\t\t\t\t<div class=\"elementor-container elementor-column-gap-default\">\n\t\t\t\t\t\t\t<div class=\"elementor-row\">\n\t\t\t\t\t<div class=\"elementor-column elementor-col-33 elementor-inner-column elementor-element elementor-element-a14157b\" data-id=\"a14157b\" data-element_type=\"column\">\n\t\t\t<div class=\"elementor-column-wrap elementor-element-populated\">\n\t\t\t\t\t\t\t<div class=\"elementor-widget-wrap\">\n\t\t\t\t\t\t<div class=\"elementor-element elementor-element-73ee775 elementor-widget elementor-widget-text-editor\" data-id=\"73ee775\" data-element_type=\"widget\" data-widget_type=\"text-editor.default\">\n\t\t\t\t<div class=\"elementor-widget-container\">\n\t\t\t\t\t<div class=\"elementor-text-editor elementor-clearfix\"><p><em>RodrigoOlgu\u00ednV\u3002<br \/>\u30bc\u30cd\u30e9\u30eb\u30de\u30cd\u30fc\u30b8\u30e3\u30fc<\/em><\/p><p><a href=\"tel:+56977642876\">+56 9 77642876<\/a><\/p><p><a href=\"mailto:rolguin@foresol.cl\">rolguin@foresol.cl<\/a><\/p><p><a href=\"https:\/\/api.whatsapp.com\/send?phone=+56977642876&amp;text=Contacto%20desde%20el%20sitio%20web%20www.forestalforesol.cl\" target=\"_blank\" rel=\"noopener\"><br \/><img decoding=\"async\" style=\"height: 40px;\" src=\"https:\/\/forestalforesol.cl\/wp-content\/uploads\/2021\/03\/whatsapp.png\" alt=\"\" \/><br \/><\/a><\/p><\/div>\n\t\t\t\t<\/div>\n\t\t\t\t<\/div>\n\t\t\t\t\t\t<\/div>\n\t\t\t\t\t<\/div>\n\t\t<\/div>\n\t\t\t\t<div class=\"elementor-column elementor-col-33 elementor-inner-column elementor-element elementor-element-fb4d605\" data-id=\"fb4d605\" data-element_type=\"column\">\n\t\t\t<div class=\"elementor-column-wrap elementor-element-populated\">\n\t\t\t\t\t\t\t<div class=\"elementor-widget-wrap\">\n\t\t\t\t\t\t<div class=\"elementor-element elementor-element-1180353 elementor-widget elementor-widget-text-editor\" data-id=\"1180353\" data-element_type=\"widget\" data-widget_type=\"text-editor.default\">\n\t\t\t\t<div class=\"elementor-widget-container\">\n\t\t\t\t\t<div class=\"elementor-text-editor elementor-clearfix\"><p>Alfredo Mu\u00f1oz F.<br \/>\u904b\u7528\u7ba1\u7406\u8005<\/p><p><a href=\"tel:+56966096077\">+56 9 66096077<\/a><\/p><p><a href=\"mailto:amunoz@forestalforesol.cl\">amunoz@forestalforesol.cl<\/a><\/p><p><a href=\"https:\/\/api.whatsapp.com\/send?phone=+56966096077&amp;text=Contacto%20desde%20el%20sitio%20web%20www.forestalforesol.cl\" target=\"_blank\" rel=\"noopener\"><br \/><img decoding=\"async\" style=\"height: 40px;\" src=\"https:\/\/forestalforesol.cl\/wp-content\/uploads\/2021\/03\/whatsapp.png\" alt=\"\" \/><br \/><\/a><\/p><\/div>\n\t\t\t\t<\/div>\n\t\t\t\t<\/div>\n\t\t\t\t\t\t<\/div>\n\t\t\t\t\t<\/div>\n\t\t<\/div>\n\t\t\t\t<div class=\"elementor-column elementor-col-33 elementor-inner-column elementor-element elementor-element-03e929d\" data-id=\"03e929d\" data-element_type=\"column\">\n\t\t\t<div class=\"elementor-column-wrap elementor-element-populated\">\n\t\t\t\t\t\t\t<div class=\"elementor-widget-wrap\">\n\t\t\t\t\t\t<div class=\"elementor-element elementor-element-2c522a7 elementor-widget elementor-widget-text-editor\" data-id=\"2c522a7\" data-element_type=\"widget\" data-widget_type=\"text-editor.default\">\n\t\t\t\t<div class=\"elementor-widget-container\">\n\t\t\t\t\t<div class=\"elementor-text-editor elementor-clearfix\"><p>Nicolas Olgu\u00edn C.<br \/>\u30b5\u30d7\u30e9\u30a4\u30de\u30cd\u30fc\u30b8\u30e3\u30fc<\/p><p><a href=\"tel:+56982776655\">+56 9 82776655<\/a><\/p><p><a href=\"mailto:nolguin@foresol.cl\">nolguin@foresol.cl<\/a><\/p><p><a href=\"https:\/\/api.whatsapp.com\/send?phone=+56982776655&amp;text=Contacto%20desde%20el%20sitio%20web%20www.forestalforesol.cl\" target=\"_blank\" rel=\"noopener\"><br \/><img decoding=\"async\" style=\"height: 40px;\" src=\"https:\/\/forestalforesol.cl\/wp-content\/uploads\/2021\/03\/whatsapp.png\" alt=\"\" \/><br \/><\/a><\/p><\/div>\n\t\t\t\t<\/div>\n\t\t\t\t<\/div>\n\t\t\t\t\t\t<\/div>\n\t\t\t\t\t<\/div>\n\t\t<\/div>\n\t\t\t\t\t\t\t\t<\/div>\n\t\t\t\t\t<\/div>\n\t\t<\/section>\n\t\t\t\t\t\t<\/div>\n\t\t\t\t\t<\/div>\n\t\t<\/div>\n\t\t\t\t\t\t\t\t<\/div>\n\t\t\t\t\t<\/div>\n\t\t<\/section>\n\t\t\t\t\t\t<\/div>\n\t\t\t\t\t\t<\/div>\n\t\t\t\t\t<\/div>","protected":false},"excerpt":{"rendered":"<p>\u304a\u554f\u3044\u5408\u308f\u305b\u306e\u969b\u306f\u3001\u4ee5\u4e0b\u306e\u30d5\u30a9\u30fc\u30e0\u306b\u3054\u8a18\u5165\u306e\u4e0a\u3001\u304a\u554f\u3044\u5408\u308f\u305b\u304f\u3060\u3055\u3044\u3002\u65e9\u6025\u306b\u5bfe\u5fdc\u3055\u305b\u3066\u3044\u305f\u3060\u304d\u307e\u3059\u3002 RodrigoOlgu\u00ednV\u3002\u30bc\u30cd\u30e9\u30eb\u30de\u30cd\u30fc\u30b8\u30e3\u30fc +56 9 77642876 rolguin@foresol.cl Alfredo Mu\u00f1oz F.\u904b\u7528\u7ba1\u7406\u8005 +56 9 66096077 amunoz@forestalforesol.cl Nicolas Olgu\u00edn C.\u30b5\u30d7\u30e9\u30a4\u30de\u30cd\u30fc\u30b8\u30e3\u30fc +56 9 82776655 nolguin@foresol.cl If you wish to contact us, please fill out the following form and send your inquiry.We will respond promptly. If you wish to contact us, please fill out the following form and send your inquiry.We will respond promptly. Rodrigo Olgu\u00edn V.Manager +56 9 77642876 rolguin@foresol.cl Alfredo Mu\u00f1oz F.Operations manager +56 9 66096077 amunoz@forestalforesol.cl Nicolas Olgu\u00edn C.Supply manager +56 9 82776655 nolguin@foresol.cl Rodrigo Olgu\u00edn V.Manager +56 9 77642876 rolguin@foresol.cl Alfredo Mu\u00f1oz F.Operations manager +56 9 66096077 amunoz@forestalforesol.cl Nicolas Olgu\u00edn C.Supply manager +56 9 82776655 nolguin@foresol.cl<\/p>","protected":false},"author":1,"featured_media":0,"parent":0,"menu_order":0,"comment_status":"closed","ping_status":"closed","template":"","meta":{"footnotes":""},"class_list":["post-251","page","type-page","status-publish","hentry"],"_links":{"self":[{"href":"https:\/\/forestalforesol.cl\/ja\/wp-json\/wp\/v2\/pages\/251","targetHints":{"allow":["GET"]}}],"collection":[{"href":"https:\/\/forestalforesol.cl\/ja\/wp-json\/wp\/v2\/pages"}],"about":[{"href":"https:\/\/forestalforesol.cl\/ja\/wp-json\/wp\/v2\/types\/page"}],"author":[{"embeddable":true,"href":"https:\/\/forestalforesol.cl\/ja\/wp-json\/wp\/v2\/users\/1"}],"replies":[{"embeddable":true,"href":"https:\/\/forestalforesol.cl\/ja\/wp-json\/wp\/v2\/comments?post=251"}],"version-history":[{"count":13,"href":"https:\/\/forestalforesol.cl\/ja\/wp-json\/wp\/v2\/pages\/251\/revisions"}],"predecessor-version":[{"id":440,"href":"https:\/\/forestalforesol.cl\/ja\/wp-json\/wp\/v2\/pages\/251\/revisions\/440"}],"wp:attachment":[{"href":"https:\/\/forestalforesol.cl\/ja\/wp-json\/wp\/v2\/media?parent=251"}],"curies":[{"name":"wp","href":"https:\/\/api.w.org\/{rel}","templated":true}]}}