{"id":244,"date":"2021-03-21T22:28:59","date_gmt":"2021-03-22T01:28:59","guid":{"rendered":"https:\/\/forestalforesol.cl\/?page_id=244"},"modified":"2023-08-17T21:27:55","modified_gmt":"2023-08-18T00:27:55","slug":"compromiso","status":"publish","type":"page","link":"https:\/\/forestalforesol.cl\/ja\/compromiso\/","title":{"rendered":"COMPROMISO"},"content":{"rendered":"<div data-elementor-type=\"wp-page\" data-elementor-id=\"244\" class=\"elementor elementor-244\" data-elementor-settings=\"[]\">\n\t\t\t\t\t\t<div class=\"elementor-inner\">\n\t\t\t\t\t\t\t<div class=\"elementor-section-wrap\">\n\t\t\t\t\t\t\t<section class=\"elementor-section elementor-top-section elementor-element elementor-element-b629fc0 elementor-section-boxed elementor-section-height-default elementor-section-height-default\" data-id=\"b629fc0\" data-element_type=\"section\" data-no-translation=\"\">\n\t\t\t\t\t\t<div class=\"elementor-container elementor-column-gap-default\">\n\t\t\t\t\t\t\t<div class=\"elementor-row\">\n\t\t\t\t\t<div class=\"elementor-column elementor-col-66 elementor-top-column elementor-element elementor-element-16a5b0a\" data-id=\"16a5b0a\" data-element_type=\"column\">\n\t\t\t<div class=\"elementor-column-wrap elementor-element-populated\">\n\t\t\t\t\t\t\t<div class=\"elementor-widget-wrap\">\n\t\t\t\t\t\t<div class=\"elementor-element elementor-element-0ba17f8 elementor-widget elementor-widget-heading\" data-id=\"0ba17f8\" data-element_type=\"widget\" data-widget_type=\"heading.default\">\n\t\t\t\t<div class=\"elementor-widget-container\">\n\t\t\t<h2 class=\"elementor-heading-title elementor-size-default\">\u4f9b\u7d66\u65b9\u91dd\n\u7ba1\u7406\u3055\u308c\u305f\u68ee<\/h2>\t\t<\/div>\n\t\t\t\t<\/div>\n\t\t\t\t<div class=\"elementor-element elementor-element-8cb6ca7 elementor-widget elementor-widget-text-editor\" data-id=\"8cb6ca7\" data-element_type=\"widget\" data-widget_type=\"text-editor.default\">\n\t\t\t\t<div class=\"elementor-widget-container\">\n\t\t\t\t\t<div class=\"elementor-text-editor elementor-clearfix\"><p>\u8cac\u4efb\u3092\u6301\u3063\u3066\u6728\u6750\u306e\u4f9b\u7d66\u3092\u884c\u3046\u305f\u3081\u306b\u3001<strong>\u30d5\u30a9\u30ec\u30b9\u30bf\u30eb\u30d5\u30a9\u30a2\u30bd\u30eb\u30b9\u30d1<\/strong> \u306f\u3001\u3059\u3079\u3066\u306e\u4f9b\u7d66\u6e90\u306b\u3064\u3044\u3066\u3001\u7ba1\u7406\u3055\u308c\u305f\u6728\u6750\u306e\u57fa\u6e96\u3092\u5b9f\u65bd\u304a\u3088\u3073\u9075\u5b88\u3059\u308b\u3053\u3068\u3092\u7d04\u675f\u3057\u3001\u4ee5\u4e0b\u306e\u30ab\u30c6\u30b4\u30ea\u30fc\u306b\u6e96\u62e0\u3059\u308b\u65b9\u91dd\u3092\u78ba\u7acb\u3057\u307e\u3059\u3002<\/p><\/div>\n\t\t\t\t<\/div>\n\t\t\t\t<\/div>\n\t\t\t\t<div class=\"elementor-element elementor-element-c8c40f0 elementor-widget elementor-widget-text-editor\" data-id=\"c8c40f0\" data-element_type=\"widget\" data-widget_type=\"text-editor.default\">\n\t\t\t\t<div class=\"elementor-widget-container\">\n\t\t\t\t\t<div class=\"elementor-text-editor elementor-clearfix\"><ul><li><div class=\"QmZWSe\"><div class=\"DHcWmd\"><div id=\"tw-target\"><div id=\"kAz1tf\" class=\"g9WsWb\"><div id=\"tw-target-text-container\" class=\"tw-ta-container F0azHf tw-lfl\" tabindex=\"0\"><pre id=\"tw-target-text\" class=\"tw-data-text tw-text-large XcVN5d tw-ta\" dir=\"ltr\" data-placeholder=\"Traducci\u00f3n\"><span class=\"Y2IQFc\" lang=\"ja\">\u9055\u6cd5\u306b\u62bd\u51fa\u3055\u308c\u305f\u6728\u6750\u306f\u4f7f\u7528\u3057\u306a\u3044\u3067\u304f\u3060\u3055\u3044\u3002<\/span><\/pre><\/div><\/div><\/div><\/div><\/div><\/li><li><pre id=\"tw-target-text\" class=\"tw-data-text tw-text-large XcVN5d tw-ta\" dir=\"ltr\" data-placeholder=\"Traducci\u00f3n\"><span class=\"Y2IQFc\" lang=\"ja\">\u4f1d\u7d71\u7684\u304a\u3088\u3073\u516c\u6c11\u6a29\u306b\u9055\u53cd\u3057\u3066\u62bd\u51fa\u3055\u308c\u305f\u6728\u6750\u3092\u4f7f\u7528\u3057\u306a\u3044\u3067\u304f\u3060\u3055\u3044\u3002<\/span><\/pre><\/li><li><pre id=\"tw-target-text\" class=\"tw-data-text tw-text-large XcVN5d tw-ta\" dir=\"ltr\" data-placeholder=\"Traducci\u00f3n\"><span class=\"Y2IQFc\" lang=\"ja\">\u7ba1\u7406\u6d3b\u52d5\u306b\u3088\u3063\u3066\u9ad8\u3044\u4fdd\u5168\u4fa1\u5024\u304c\u8105\u304b\u3055\u308c\u3066\u3044\u308b\u68ee\u6797\u304b\u3089\u306e\u6728\u6750\u3092\u4f7f\u7528\u3057\u306a\u3044\u3067\u304f\u3060\u3055\u3044\u3002\n<\/span><\/pre><\/li><li><pre id=\"tw-target-text\" class=\"tw-data-text tw-text-large XcVN5d tw-ta\" dir=\"ltr\" data-placeholder=\"Traducci\u00f3n\"><span class=\"Y2IQFc\" lang=\"ja\">\u8fb2\u5730\u3084\u30d7\u30e9\u30f3\u30c6\u30fc\u30b7\u30e7\u30f3\u3092\u539f\u751f\u6797\u306b\u7f6e\u304d\u63db\u3048\u305f\u5730\u57df\u306e\u6728\u6750\u306f\u4f7f\u7528\u3057\u306a\u3044\u3067\u304f\u3060\u3055\u3044\u3002<\/span><\/pre><\/li><li><pre id=\"tw-target-text\" class=\"tw-data-text tw-text-large XcVN5d tw-ta\" dir=\"ltr\" data-placeholder=\"Traducci\u00f3n\"><span class=\"Y2IQFc\" lang=\"ja\">\u907a\u4f1d\u5b50\u7d44\u307f\u63db\u3048\u6797\u306e\u6728\u6750\u306f\u4f7f\u7528\u3057\u306a\u3044\u3067\u304f\u3060\u3055\u3044\u3002<\/span><\/pre><\/li><\/ul><\/div>\n\t\t\t\t<\/div>\n\t\t\t\t<\/div>\n\t\t\t\t<div class=\"elementor-element elementor-element-7f9b8e9 elementor-widget elementor-widget-text-editor\" data-id=\"7f9b8e9\" data-element_type=\"widget\" data-widget_type=\"text-editor.default\">\n\t\t\t\t<div class=\"elementor-widget-container\">\n\t\t\t\t\t<div class=\"elementor-text-editor elementor-clearfix\"><p>\u30b3\u30f3\u30bb\u30d7\u30b7\u30aa\u30f3\u30012013\u5e746\u6708\u3002<\/p><\/div>\n\t\t\t\t<\/div>\n\t\t\t\t<\/div>\n\t\t\t\t<div class=\"elementor-element elementor-element-331bcc0 elementor-widget elementor-widget-text-editor\" data-id=\"331bcc0\" data-element_type=\"widget\" data-widget_type=\"text-editor.default\">\n\t\t\t\t<div class=\"elementor-widget-container\">\n\t\t\t\t\t<div class=\"elementor-text-editor elementor-clearfix\"><p>\u30ed\u30c9\u30ea\u30b4\u30aa\u30eb\u30ae\u30f3\u30d3\u30b8\u30e3\u30ed\u30dc\u30b9<\/p><p>\u30b8\u30a7\u30ec\u30f3\u30c6\u30bc\u30cd\u30e9\u30eb<\/p><\/div>\n\t\t\t\t<\/div>\n\t\t\t\t<\/div>\n\t\t\t\t\t\t<\/div>\n\t\t\t\t\t<\/div>\n\t\t<\/div>\n\t\t\t\t<div class=\"elementor-column elementor-col-33 elementor-top-column elementor-element elementor-element-ff59ed5\" data-id=\"ff59ed5\" data-element_type=\"column\">\n\t\t\t<div class=\"elementor-column-wrap elementor-element-populated\">\n\t\t\t\t\t\t\t<div class=\"elementor-widget-wrap\">\n\t\t\t\t\t\t<div class=\"elementor-element elementor-element-c6ed575 elementor-widget elementor-widget-image\" data-id=\"c6ed575\" data-element_type=\"widget\" data-widget_type=\"image.default\">\n\t\t\t\t<div class=\"elementor-widget-container\">\n\t\t\t\t\t<div class=\"elementor-image\">\n\t\t\t\t\t\t\t\t\t\t<img decoding=\"async\" src=\"https:\/\/forestalforesol.cl\/wp-content\/uploads\/elementor\/thumbs\/COMPROMISO-p4kjnt33texzy154s5rpb1mvmhe80rayti48z8hrew.jpg\" title=\"COMPROMISO\" alt=\"COMPROMISO\" \/>\t\t\t\t\t\t\t\t\t\t\t<\/div>\n\t\t\t\t<\/div>\n\t\t\t\t<\/div>\n\t\t\t\t\t\t<\/div>\n\t\t\t\t\t<\/div>\n\t\t<\/div>\n\t\t\t\t\t\t\t\t<\/div>\n\t\t\t\t\t<\/div>\n\t\t<\/section>\n\t\t\t\t\t\t<\/div>\n\t\t\t\t\t\t<\/div>\n\t\t\t\t\t<\/div>","protected":false},"excerpt":{"rendered":"<p>Pol\u00edtica de Abastecimiento Maderas Controladas Con el objeto de llevar a cabo responsablemente su abastecimiento de maderas, FORESTAL FORESOL SpA, asume el compromiso de implementar y cumplir con el est\u00e1ndar para maderas controladas , para todas sus fuentes de abastecimiento, estableciendo una pol\u00edtica de adhesi\u00f3n a las siguientes categor\u00edas: 1. No utilizar madera extra\u00edda il\u00edcitamente. 2. No utilizar madera extra\u00edda en violaci\u00f3n de derechos tradicionales y civiles. 3. No utilizar madera provenientes de bosques cuyos altos valores de conservaci\u00f3n est\u00e9n amenazadas por actividades de manejo. 4. No utilizar madera que proviene de \u00e1reas que fueron sometidas a sustituci\u00f3n de bosque nativo por terrenos agr\u00edcolas y\/o plantaciones. 5. No utilizar madera [&hellip;]<\/p>","protected":false},"author":1,"featured_media":0,"parent":0,"menu_order":0,"comment_status":"closed","ping_status":"closed","template":"","meta":{"footnotes":""},"class_list":["post-244","page","type-page","status-publish","hentry"],"_links":{"self":[{"href":"https:\/\/forestalforesol.cl\/ja\/wp-json\/wp\/v2\/pages\/244","targetHints":{"allow":["GET"]}}],"collection":[{"href":"https:\/\/forestalforesol.cl\/ja\/wp-json\/wp\/v2\/pages"}],"about":[{"href":"https:\/\/forestalforesol.cl\/ja\/wp-json\/wp\/v2\/types\/page"}],"author":[{"embeddable":true,"href":"https:\/\/forestalforesol.cl\/ja\/wp-json\/wp\/v2\/users\/1"}],"replies":[{"embeddable":true,"href":"https:\/\/forestalforesol.cl\/ja\/wp-json\/wp\/v2\/comments?post=244"}],"version-history":[{"count":8,"href":"https:\/\/forestalforesol.cl\/ja\/wp-json\/wp\/v2\/pages\/244\/revisions"}],"predecessor-version":[{"id":443,"href":"https:\/\/forestalforesol.cl\/ja\/wp-json\/wp\/v2\/pages\/244\/revisions\/443"}],"wp:attachment":[{"href":"https:\/\/forestalforesol.cl\/ja\/wp-json\/wp\/v2\/media?parent=244"}],"curies":[{"name":"wp","href":"https:\/\/api.w.org\/{rel}","templated":true}]}}