{"id":148,"date":"2021-03-21T21:47:24","date_gmt":"2021-03-22T00:47:24","guid":{"rendered":"https:\/\/forestalforesol.cl\/?page_id=148"},"modified":"2021-07-13T01:48:11","modified_gmt":"2021-07-13T04:48:11","slug":"wood-chips","status":"publish","type":"page","link":"https:\/\/forestalforesol.cl\/ja\/wood-chips\/","title":{"rendered":"WOOD CHIPS"},"content":{"rendered":"<div data-elementor-type=\"wp-page\" data-elementor-id=\"148\" class=\"elementor elementor-148\" data-elementor-settings=\"[]\">\n\t\t\t\t\t\t<div class=\"elementor-inner\">\n\t\t\t\t\t\t\t<div class=\"elementor-section-wrap\">\n\t\t\t\t\t\t\t<section class=\"elementor-section elementor-top-section elementor-element elementor-element-394e785 elementor-section-boxed elementor-section-height-default elementor-section-height-default\" data-id=\"394e785\" data-element_type=\"section\" data-no-translation=\"\">\n\t\t\t\t\t\t<div class=\"elementor-container elementor-column-gap-default\">\n\t\t\t\t\t\t\t<div class=\"elementor-row\">\n\t\t\t\t\t<div class=\"elementor-column elementor-col-100 elementor-top-column elementor-element elementor-element-986dd46\" data-id=\"986dd46\" data-element_type=\"column\">\n\t\t\t<div class=\"elementor-column-wrap elementor-element-populated\">\n\t\t\t\t\t\t\t<div class=\"elementor-widget-wrap\">\n\t\t\t\t\t\t<div class=\"elementor-element elementor-element-03b5711 elementor-widget elementor-widget-heading\" data-id=\"03b5711\" data-element_type=\"widget\" data-widget_type=\"heading.default\">\n\t\t\t\t<div class=\"elementor-widget-container\">\n\t\t\t<h2 class=\"elementor-heading-title elementor-size-default\">\u30e6\u30fc\u30ab\u30ea\u3068\u30e9\u30b8\u30a2\u30fc\u30bf\u30d1\u30a4\u30f3<\/h2>\t\t<\/div>\n\t\t\t\t<\/div>\n\t\t\t\t<div class=\"elementor-element elementor-element-3ad607b elementor-widget elementor-widget-text-editor\" data-id=\"3ad607b\" data-element_type=\"widget\" data-no-translation=\"\" data-widget_type=\"text-editor.default\">\n\t\t\t\t<div class=\"elementor-widget-container\">\n\t\t\t\t\t<div class=\"elementor-text-editor elementor-clearfix\"><p>\u30d5\u30a9\u30eb\u30b9\u30bf\u30eb\u30d5\u30ec\u30bd\u30eb \u306f\u3001\u65e5\u672c\u3001\u4e2d\u56fd\u3001\u56fd\u5185\u306e\u5e02\u5834\u5411\u3051\u306b\u3001Eucalyptus nitens\u3001Eucalyptus globulus\u3001Pinoradiata\u306e\u30c1\u30c3\u30d7\u3092\u8ca9\u58f2\u3057\u3066\u3044\u307e\u3059\u3002\u305d\u308c\u306f\u3001\u51fa\u8377\u3054\u3068\u306b\u6700\u9ad8\u306e\u5727\u7e2e\u6027\u80fd\u3092\u6301\u3061\u3001\u9ad8\u54c1\u8cea\u306e\u30c1\u30c3\u30d7\u3092\u88fd\u9020\u3057\u3001\u30bb\u30eb\u30ed\u30fc\u30b9\u306e\u88fd\u9020\u306b\u9ad8\u5bc6\u5ea6\u306e\u6728\u6750\u3092\u4f7f\u7528\u3059\u308b\u3053\u3068\u3092\u7279\u5fb4\u3068\u3057\u3066\u3044\u307e\u3059\u3002<\/p><p>\u52b4\u50cd\u8005\u306e\u5065\u5eb7\u3068\u5b89\u5168\u306f\u79c1\u305f\u3061\u306e\u6d3b\u52d5\u306e\u57fa\u672c\u3067\u3042\u308a\u3001\u5730\u57df\u793e\u4f1a\u3078\u306e\u9ad8\u3044\u30b3\u30df\u30c3\u30c8\u30e1\u30f3\u30c8\u3068\u74b0\u5883\u3078\u306e\u6c38\u7d9a\u7684\u306a\u95a2\u5fc3\u3092\u6301\u3063\u3066\u3044\u307e\u3059\u3002\u79c1\u305f\u3061\u306e\u51fa\u8377\u306f\u4e3b\u306b\u30d3\u30aa\u30d3\u30aa\u5730\u57df\u306e\u6e2f\u3092\u7d4c\u7531\u3057\u307e\u3059\u3002<\/p><\/div>\n\t\t\t\t<\/div>\n\t\t\t\t<\/div>\n\t\t\t\t\t\t<\/div>\n\t\t\t\t\t<\/div>\n\t\t<\/div>\n\t\t\t\t\t\t\t\t<\/div>\n\t\t\t\t\t<\/div>\n\t\t<\/section>\n\t\t\t\t<section class=\"elementor-section elementor-top-section elementor-element elementor-element-8f1c69a elementor-section-boxed elementor-section-height-default elementor-section-height-default\" data-id=\"8f1c69a\" data-element_type=\"section\" data-no-translation=\"\">\n\t\t\t\t\t\t<div class=\"elementor-container elementor-column-gap-default\">\n\t\t\t\t\t\t\t<div class=\"elementor-row\">\n\t\t\t\t\t<div class=\"elementor-column elementor-col-100 elementor-top-column elementor-element elementor-element-5ca3e31\" data-id=\"5ca3e31\" data-element_type=\"column\">\n\t\t\t<div class=\"elementor-column-wrap elementor-element-populated\">\n\t\t\t\t\t\t\t<div class=\"elementor-widget-wrap\">\n\t\t\t\t\t\t<div class=\"elementor-element elementor-element-7f9f29f gallery-spacing-custom elementor-widget elementor-widget-image-gallery\" data-id=\"7f9f29f\" data-element_type=\"widget\" data-no-translation=\"\" data-widget_type=\"image-gallery.default\">\n\t\t\t\t<div class=\"elementor-widget-container\">\n\t\t\t\t\t<div class=\"elementor-image-gallery\">\n\t\t\t<div id='gallery-2' class='gallery galleryid-148 gallery-columns-4 gallery-size-thumbnail'><figure class='gallery-item'>\n\t\t\t<div class='gallery-icon landscape'>\n\t\t\t\t<a data-elementor-open-lightbox=\"yes\" data-elementor-lightbox-slideshow=\"7f9f29f\" data-elementor-lightbox-title=\"1_3\" href='https:\/\/forestalforesol.cl\/wp-content\/uploads\/2021\/03\/1_3.jpg'><img loading=\"lazy\" decoding=\"async\" width=\"150\" height=\"150\" src=\"https:\/\/forestalforesol.cl\/wp-content\/uploads\/2021\/03\/1_3-150x150.jpg\" class=\"attachment-thumbnail size-thumbnail\" alt=\"\" aria-describedby=\"gallery-2-156\" \/><\/a>\n\t\t\t<\/div>\n\t\t\t\t<figcaption class='wp-caption-text gallery-caption' id='gallery-2-156'>\n\t\t\t\t1\n\t\t\t\t<\/figcaption><\/figure><figure class='gallery-item'>\n\t\t\t<div class='gallery-icon portrait'>\n\t\t\t\t<a data-elementor-open-lightbox=\"yes\" data-elementor-lightbox-slideshow=\"7f9f29f\" data-elementor-lightbox-title=\"2_3\" href='https:\/\/forestalforesol.cl\/wp-content\/uploads\/2021\/03\/2_3.jpg'><img loading=\"lazy\" decoding=\"async\" width=\"150\" height=\"150\" src=\"https:\/\/forestalforesol.cl\/wp-content\/uploads\/2021\/03\/2_3-150x150.jpg\" class=\"attachment-thumbnail size-thumbnail\" alt=\"\" aria-describedby=\"gallery-2-157\" \/><\/a>\n\t\t\t<\/div>\n\t\t\t\t<figcaption class='wp-caption-text gallery-caption' id='gallery-2-157'>\n\t\t\t\t2\n\t\t\t\t<\/figcaption><\/figure><figure class='gallery-item'>\n\t\t\t<div class='gallery-icon landscape'>\n\t\t\t\t<a data-elementor-open-lightbox=\"yes\" data-elementor-lightbox-slideshow=\"7f9f29f\" data-elementor-lightbox-title=\"3_6\" href='https:\/\/forestalforesol.cl\/wp-content\/uploads\/2021\/03\/3_6.jpg'><img loading=\"lazy\" decoding=\"async\" width=\"150\" height=\"150\" src=\"https:\/\/forestalforesol.cl\/wp-content\/uploads\/2021\/03\/3_6-150x150.jpg\" class=\"attachment-thumbnail size-thumbnail\" alt=\"\" aria-describedby=\"gallery-2-158\" \/><\/a>\n\t\t\t<\/div>\n\t\t\t\t<figcaption class='wp-caption-text gallery-caption' id='gallery-2-158'>\n\t\t\t\t3\n\t\t\t\t<\/figcaption><\/figure><figure class='gallery-item'>\n\t\t\t<div class='gallery-icon landscape'>\n\t\t\t\t<a data-elementor-open-lightbox=\"yes\" data-elementor-lightbox-slideshow=\"7f9f29f\" data-elementor-lightbox-title=\"4_5\" href='https:\/\/forestalforesol.cl\/wp-content\/uploads\/2021\/03\/4_5.jpg'><img loading=\"lazy\" decoding=\"async\" width=\"150\" height=\"150\" src=\"https:\/\/forestalforesol.cl\/wp-content\/uploads\/2021\/03\/4_5-150x150.jpg\" class=\"attachment-thumbnail size-thumbnail\" alt=\"\" aria-describedby=\"gallery-2-159\" \/><\/a>\n\t\t\t<\/div>\n\t\t\t\t<figcaption class='wp-caption-text gallery-caption' id='gallery-2-159'>\n\t\t\t\t4\n\t\t\t\t<\/figcaption><\/figure><figure class='gallery-item'>\n\t\t\t<div class='gallery-icon landscape'>\n\t\t\t\t<a data-elementor-open-lightbox=\"yes\" data-elementor-lightbox-slideshow=\"7f9f29f\" data-elementor-lightbox-title=\"5_1\" href='https:\/\/forestalforesol.cl\/wp-content\/uploads\/2021\/03\/5_1.png'><img loading=\"lazy\" decoding=\"async\" width=\"150\" height=\"150\" src=\"https:\/\/forestalforesol.cl\/wp-content\/uploads\/2021\/03\/5_1-150x150.png\" class=\"attachment-thumbnail size-thumbnail\" alt=\"\" aria-describedby=\"gallery-2-160\" srcset=\"https:\/\/forestalforesol.cl\/wp-content\/uploads\/2021\/03\/5_1-150x150.png 150w, https:\/\/forestalforesol.cl\/wp-content\/uploads\/2021\/03\/5_1-13x12.png 13w\" sizes=\"auto, (max-width: 150px) 100vw, 150px\" \/><\/a>\n\t\t\t<\/div>\n\t\t\t\t<figcaption class='wp-caption-text gallery-caption' id='gallery-2-160'>\n\t\t\t\t5\n\t\t\t\t<\/figcaption><\/figure><figure class='gallery-item'>\n\t\t\t<div class='gallery-icon landscape'>\n\t\t\t\t<a data-elementor-open-lightbox=\"yes\" data-elementor-lightbox-slideshow=\"7f9f29f\" data-elementor-lightbox-title=\"6\" href='https:\/\/forestalforesol.cl\/wp-content\/uploads\/2021\/03\/6.png'><img loading=\"lazy\" decoding=\"async\" width=\"150\" height=\"150\" src=\"https:\/\/forestalforesol.cl\/wp-content\/uploads\/2021\/03\/6-150x150.png\" class=\"attachment-thumbnail size-thumbnail\" alt=\"\" aria-describedby=\"gallery-2-161\" srcset=\"https:\/\/forestalforesol.cl\/wp-content\/uploads\/2021\/03\/6-150x150.png 150w, https:\/\/forestalforesol.cl\/wp-content\/uploads\/2021\/03\/6-13x12.png 13w\" sizes=\"auto, (max-width: 150px) 100vw, 150px\" \/><\/a>\n\t\t\t<\/div>\n\t\t\t\t<figcaption class='wp-caption-text gallery-caption' id='gallery-2-161'>\n\t\t\t\t6\n\t\t\t\t<\/figcaption><\/figure><figure class='gallery-item'>\n\t\t\t<div class='gallery-icon portrait'>\n\t\t\t\t<a data-elementor-open-lightbox=\"yes\" data-elementor-lightbox-slideshow=\"7f9f29f\" data-elementor-lightbox-title=\"7_2\" href='https:\/\/forestalforesol.cl\/wp-content\/uploads\/2021\/03\/7_2.jpg'><img loading=\"lazy\" decoding=\"async\" width=\"150\" height=\"150\" src=\"https:\/\/forestalforesol.cl\/wp-content\/uploads\/2021\/03\/7_2-150x150.jpg\" class=\"attachment-thumbnail size-thumbnail\" alt=\"\" aria-describedby=\"gallery-2-162\" \/><\/a>\n\t\t\t<\/div>\n\t\t\t\t<figcaption class='wp-caption-text gallery-caption' id='gallery-2-162'>\n\t\t\t\t7\n\t\t\t\t<\/figcaption><\/figure><figure class='gallery-item'>\n\t\t\t<div class='gallery-icon landscape'>\n\t\t\t\t<a data-elementor-open-lightbox=\"yes\" data-elementor-lightbox-slideshow=\"7f9f29f\" data-elementor-lightbox-title=\"8_2\" href='https:\/\/forestalforesol.cl\/wp-content\/uploads\/2021\/03\/8_2.jpg'><img loading=\"lazy\" decoding=\"async\" width=\"150\" height=\"150\" src=\"https:\/\/forestalforesol.cl\/wp-content\/uploads\/2021\/03\/8_2-150x150.jpg\" class=\"attachment-thumbnail size-thumbnail\" alt=\"\" aria-describedby=\"gallery-2-163\" \/><\/a>\n\t\t\t<\/div>\n\t\t\t\t<figcaption class='wp-caption-text gallery-caption' id='gallery-2-163'>\n\t\t\t\t8\n\t\t\t\t<\/figcaption><\/figure><figure class='gallery-item'>\n\t\t\t<div class='gallery-icon landscape'>\n\t\t\t\t<a data-elementor-open-lightbox=\"yes\" data-elementor-lightbox-slideshow=\"7f9f29f\" data-elementor-lightbox-title=\"9\" href='https:\/\/forestalforesol.cl\/wp-content\/uploads\/2021\/03\/9.png'><img loading=\"lazy\" decoding=\"async\" width=\"150\" height=\"150\" src=\"https:\/\/forestalforesol.cl\/wp-content\/uploads\/2021\/03\/9-150x150.png\" class=\"attachment-thumbnail size-thumbnail\" alt=\"\" aria-describedby=\"gallery-2-164\" srcset=\"https:\/\/forestalforesol.cl\/wp-content\/uploads\/2021\/03\/9-150x150.png 150w, https:\/\/forestalforesol.cl\/wp-content\/uploads\/2021\/03\/9-13x12.png 13w\" sizes=\"auto, (max-width: 150px) 100vw, 150px\" \/><\/a>\n\t\t\t<\/div>\n\t\t\t\t<figcaption class='wp-caption-text gallery-caption' id='gallery-2-164'>\n\t\t\t\t9\n\t\t\t\t<\/figcaption><\/figure><figure class='gallery-item'>\n\t\t\t<div class='gallery-icon landscape'>\n\t\t\t\t<a data-elementor-open-lightbox=\"yes\" data-elementor-lightbox-slideshow=\"7f9f29f\" data-elementor-lightbox-title=\"10_3\" href='https:\/\/forestalforesol.cl\/wp-content\/uploads\/2021\/03\/10_3.jpg'><img loading=\"lazy\" decoding=\"async\" width=\"150\" height=\"150\" src=\"https:\/\/forestalforesol.cl\/wp-content\/uploads\/2021\/03\/10_3-150x150.jpg\" class=\"attachment-thumbnail size-thumbnail\" alt=\"\" aria-describedby=\"gallery-2-165\" \/><\/a>\n\t\t\t<\/div>\n\t\t\t\t<figcaption class='wp-caption-text gallery-caption' id='gallery-2-165'>\n\t\t\t\t10\n\t\t\t\t<\/figcaption><\/figure><figure class='gallery-item'>\n\t\t\t<div class='gallery-icon landscape'>\n\t\t\t\t<a data-elementor-open-lightbox=\"yes\" data-elementor-lightbox-slideshow=\"7f9f29f\" data-elementor-lightbox-title=\"11_2\" href='https:\/\/forestalforesol.cl\/wp-content\/uploads\/2021\/03\/11_2.png'><img loading=\"lazy\" decoding=\"async\" width=\"150\" height=\"150\" src=\"https:\/\/forestalforesol.cl\/wp-content\/uploads\/2021\/03\/11_2-150x150.png\" class=\"attachment-thumbnail size-thumbnail\" alt=\"\" aria-describedby=\"gallery-2-166\" srcset=\"https:\/\/forestalforesol.cl\/wp-content\/uploads\/2021\/03\/11_2-150x150.png 150w, https:\/\/forestalforesol.cl\/wp-content\/uploads\/2021\/03\/11_2-13x12.png 13w\" sizes=\"auto, (max-width: 150px) 100vw, 150px\" \/><\/a>\n\t\t\t<\/div>\n\t\t\t\t<figcaption class='wp-caption-text gallery-caption' id='gallery-2-166'>\n\t\t\t\t11\n\t\t\t\t<\/figcaption><\/figure>\n\t\t<\/div>\n\t\t<\/div>\n\t\t\t\t<\/div>\n\t\t\t\t<\/div>\n\t\t\t\t\t\t<\/div>\n\t\t\t\t\t<\/div>\n\t\t<\/div>\n\t\t\t\t\t\t\t\t<\/div>\n\t\t\t\t\t<\/div>\n\t\t<\/section>\n\t\t\t\t\t\t<\/div>\n\t\t\t\t\t\t<\/div>\n\t\t\t\t\t<\/div>","protected":false},"excerpt":{"rendered":"<p>Eucalyptus y Pino radiata Forestal Foresol comercializa astillas de Eucalyptus nitens, Eucalyptus globulus y Pino radiata, con destino a los mercados de Jap\u00f3n, China y Dom\u00e9stico. Se caracteriza por tener los mejores rendimientos de compactaci\u00f3n en cada embarque, producci\u00f3n de astillas de alta calidad y con maderas de una alta densidad, para la elaboraci\u00f3n de celulosa. Es fundamental en nuestra actividad la salud y seguridad de nuestros trabajadores, poseer un alto compromiso con las comunidades y nuestra preocupaci\u00f3n permanente con el medio ambiente. Principalmente nuestros embarques son a trav\u00e9s de puertos de la regi\u00f3n del Bio Bio. Eucalyptus and Radiata pine Forestal Foresol sells chips of Eucalyptus nitens, Eucalyptus globulus [&hellip;]<\/p>","protected":false},"author":1,"featured_media":0,"parent":0,"menu_order":0,"comment_status":"closed","ping_status":"closed","template":"","meta":{"footnotes":""},"class_list":["post-148","page","type-page","status-publish","hentry"],"_links":{"self":[{"href":"https:\/\/forestalforesol.cl\/ja\/wp-json\/wp\/v2\/pages\/148","targetHints":{"allow":["GET"]}}],"collection":[{"href":"https:\/\/forestalforesol.cl\/ja\/wp-json\/wp\/v2\/pages"}],"about":[{"href":"https:\/\/forestalforesol.cl\/ja\/wp-json\/wp\/v2\/types\/page"}],"author":[{"embeddable":true,"href":"https:\/\/forestalforesol.cl\/ja\/wp-json\/wp\/v2\/users\/1"}],"replies":[{"embeddable":true,"href":"https:\/\/forestalforesol.cl\/ja\/wp-json\/wp\/v2\/comments?post=148"}],"version-history":[{"count":6,"href":"https:\/\/forestalforesol.cl\/ja\/wp-json\/wp\/v2\/pages\/148\/revisions"}],"predecessor-version":[{"id":319,"href":"https:\/\/forestalforesol.cl\/ja\/wp-json\/wp\/v2\/pages\/148\/revisions\/319"}],"wp:attachment":[{"href":"https:\/\/forestalforesol.cl\/ja\/wp-json\/wp\/v2\/media?parent=148"}],"curies":[{"name":"wp","href":"https:\/\/api.w.org\/{rel}","templated":true}]}}