{"id":126,"date":"2021-03-21T21:20:31","date_gmt":"2021-03-22T00:20:31","guid":{"rendered":"https:\/\/forestalforesol.cl\/?page_id=126"},"modified":"2021-07-13T01:35:17","modified_gmt":"2021-07-13T04:35:17","slug":"logs-2","status":"publish","type":"page","link":"https:\/\/forestalforesol.cl\/ja\/logs-2\/","title":{"rendered":"LOGS"},"content":{"rendered":"<div data-elementor-type=\"wp-page\" data-elementor-id=\"126\" class=\"elementor elementor-126\" data-elementor-settings=\"[]\">\n\t\t\t\t\t\t<div class=\"elementor-inner\">\n\t\t\t\t\t\t\t<div class=\"elementor-section-wrap\">\n\t\t\t\t\t\t\t<section class=\"elementor-section elementor-top-section elementor-element elementor-element-5a327b2 elementor-section-boxed elementor-section-height-default elementor-section-height-default\" data-id=\"5a327b2\" data-element_type=\"section\" data-no-translation=\"\">\n\t\t\t\t\t\t<div class=\"elementor-container elementor-column-gap-default\">\n\t\t\t\t\t\t\t<div class=\"elementor-row\">\n\t\t\t\t\t<div class=\"elementor-column elementor-col-100 elementor-top-column elementor-element elementor-element-fde8939\" data-id=\"fde8939\" data-element_type=\"column\">\n\t\t\t<div class=\"elementor-column-wrap elementor-element-populated\">\n\t\t\t\t\t\t\t<div class=\"elementor-widget-wrap\">\n\t\t\t\t\t\t<div class=\"elementor-element elementor-element-f90a90a elementor-widget elementor-widget-heading\" data-id=\"f90a90a\" data-element_type=\"widget\" data-widget_type=\"heading.default\">\n\t\t\t\t<div class=\"elementor-widget-container\">\n\t\t\t<h2 class=\"elementor-heading-title elementor-size-default\">\u30e9\u30b8\u30a2\u30fc\u30bf\u30d1\u30a4\u30f3<\/h2>\t\t<\/div>\n\t\t\t\t<\/div>\n\t\t\t\t<div class=\"elementor-element elementor-element-0e3779c elementor-widget elementor-widget-text-editor\" data-id=\"0e3779c\" data-element_type=\"widget\" data-widget_type=\"text-editor.default\">\n\t\t\t\t<div class=\"elementor-widget-container\">\n\t\t\t\t\t<div class=\"elementor-text-editor elementor-clearfix\"><p style=\"text-align: center;\">\u4ee5\u4e0b\u306e\u88fd\u54c1\u306f\u3001\u54c1\u8cea\u3001\u76f4\u5f84\u3001\u9577\u3055\u306b\u3082\u3088\u308a\u307e\u3059\u304c\u3001\u4e3b\u306b\u30e9\u30b8\u30a2\u30fc\u30bf\u30d1\u30a4\u30f3\u306e\u68ee\u304b\u3089\u5f97\u3089\u308c\u307e\u3059\u3002\u3053\u308c\u3089\u306f\u3001\u4f10\u63a1\u3055\u308c\u305f\u4e38\u592a\u3001\u5de5\u696d\u7528\u304a\u3088\u3073\u30d1\u30eb\u30d7\u6750\u306e\u4e38\u592a\u3067\u3059\u3002<\/p><\/div>\n\t\t\t\t<\/div>\n\t\t\t\t<\/div>\n\t\t\t\t<section class=\"elementor-section elementor-inner-section elementor-element elementor-element-7feea1c elementor-section-full_width elementor-section-height-default elementor-section-height-default\" data-id=\"7feea1c\" data-element_type=\"section\">\n\t\t\t\t\t\t<div class=\"elementor-container elementor-column-gap-default\">\n\t\t\t\t\t\t\t<div class=\"elementor-row\">\n\t\t\t\t\t<div class=\"elementor-column elementor-col-100 elementor-inner-column elementor-element elementor-element-8f9eefc\" data-id=\"8f9eefc\" data-element_type=\"column\">\n\t\t\t<div class=\"elementor-column-wrap elementor-element-populated\">\n\t\t\t\t\t\t\t<div class=\"elementor-widget-wrap\">\n\t\t\t\t\t\t<div class=\"elementor-element elementor-element-2c700a9 elementor-widget elementor-widget-heading\" data-id=\"2c700a9\" data-element_type=\"widget\" data-widget_type=\"heading.default\">\n\t\t\t\t<div class=\"elementor-widget-container\">\n\t\t\t<h2 class=\"elementor-heading-title elementor-size-default\">\u30c8\u30ea\u30df\u30f3\u30b0\u3055\u308c\u305f\u92f8\u3067\u633d\u304b\u308c\u305f\u4e38\u3044\u6728\u306e\u4e38\u592a<\/h2>\t\t<\/div>\n\t\t\t\t<\/div>\n\t\t\t\t<div class=\"elementor-element elementor-element-7e21e30 elementor-widget elementor-widget-text-editor\" data-id=\"7e21e30\" data-element_type=\"widget\" data-widget_type=\"text-editor.default\">\n\t\t\t\t<div class=\"elementor-widget-container\">\n\t\t\t\t\t<div class=\"elementor-text-editor elementor-clearfix\"><p>\u3053\u308c\u3089\u306f\u3001\u5e7c\u3044\u9803\u306b\u4f10\u63a1\u3055\u308c\u305f\u6728\u304b\u3089\u4f5c\u3089\u308c\u3066\u3044\u308b\u305f\u3081\u3001\u7121\u7bc0\u6750\u306e\u6069\u6075\u3092\u53d7\u3051\u3066\u3001\u30d9\u30cb\u30e4\u30b7\u30fc\u30c8\u3084\u6728\u8cea\u30d1\u30cd\u30eb\u306e\u88fd\u9020\u306b\u4f7f\u7528\u3055\u308c\u307e\u3059\u3002\u3053\u308c\u3089\u306f\u3001\u65b0\u9bae\u3067\u3001\u307e\u3063\u3059\u3050\u3067\u3001\u30b9\u30c6\u30f3\u30ec\u30b9\u88fd\u3067\u3001\u9686\u8d77\u304c\u306a\u304f\u3001\u679d\u3084\u7d50\u3073\u76ee\u304c\u306a\u3044\u3082\u306e\u3067\u306a\u3051\u308c\u3070\u306a\u308a\u307e\u305b\u3093\u3002\u6700\u5c0f\u76f4\u5f8428cm\u304b\u3089\u5546\u54c1\u5316\u3055\u308c\u3066\u3044\u307e\u3059\u3002<\/p><\/div>\n\t\t\t\t<\/div>\n\t\t\t\t<\/div>\n\t\t\t\t<div class=\"elementor-element elementor-element-083eecd elementor-widget elementor-widget-heading\" data-id=\"083eecd\" data-element_type=\"widget\" data-widget_type=\"heading.default\">\n\t\t\t\t<div class=\"elementor-widget-container\">\n\t\t\t<h2 class=\"elementor-heading-title elementor-size-default\">\u7523\u696d\u7528\u306e\u92f8\u3067\u633d\u304b\u308c\u305f\u4e38\u592a<\/h2>\t\t<\/div>\n\t\t\t\t<\/div>\n\t\t\t\t<div class=\"elementor-element elementor-element-1201a7d elementor-widget elementor-widget-text-editor\" data-id=\"1201a7d\" data-element_type=\"widget\" data-widget_type=\"text-editor.default\">\n\t\t\t\t<div class=\"elementor-widget-container\">\n\t\t\t\t\t<div class=\"elementor-text-editor elementor-clearfix\"><p>\u305d\u308c\u3089\u306f\u3001\u6a39\u6728\u307e\u305f\u306f\u30c8\u30ea\u30df\u30f3\u30b0\u3055\u308c\u3066\u3044\u306a\u3044\u6a39\u6728\u306e\u4e00\u90e8\u306b\u7531\u6765\u3057\u307e\u3059\u3002\u4e3b\u306b\u30e2\u30fc\u30eb\u30c7\u30a3\u30f3\u30b0\u3001\u5bb6\u5177\u90e8\u54c1\u3001\u90e8\u54c1\u306a\u3069\u306e\u5efa\u8a2d\u3001\u9ad8\u4ed8\u52a0\u4fa1\u5024\u88fd\u54c1\u3001\u52a0\u5de5\u306b\u6728\u6750\u3092\u4f7f\u7528\u3059\u308b\u3053\u3068\u304c\u53ef\u80fd\u3067\u3059\u3002\u3053\u308c\u3089\u306f\u3001\u65b0\u9bae\u3067\u3001\u307e\u3063\u3059\u3050\u3067\u3001\u30b9\u30c6\u30f3\u30ec\u30b9\u88fd\u3067\u3001\u9686\u8d77\u304c\u306a\u304f\u3001\u679d\u304c\u306a\u304f\u3001\u679d\u304b\u3089\u5207\u65ad\u3055\u308c\u305f\u7d50\u3073\u76ee\u304c\u9664\u53bb\u3055\u308c\u3066\u3044\u308b\u5fc5\u8981\u304c\u3042\u308a\u307e\u3059\u3002\u6700\u5c0f\u76f4\u5f8416cm\u304b\u3089\u5546\u54c1\u5316\u3055\u308c\u3066\u3044\u307e\u3059\u3002<\/p><\/div>\n\t\t\t\t<\/div>\n\t\t\t\t<\/div>\n\t\t\t\t<div class=\"elementor-element elementor-element-7a36c3a elementor-widget elementor-widget-heading\" data-id=\"7a36c3a\" data-element_type=\"widget\" data-widget_type=\"heading.default\">\n\t\t\t\t<div class=\"elementor-widget-container\">\n\t\t\t<h2 class=\"elementor-heading-title elementor-size-default\">\u30d1\u30eb\u30d7\u6750\u4e38\u592a\u4e38\u592a<\/h2>\t\t<\/div>\n\t\t\t\t<\/div>\n\t\t\t\t<div class=\"elementor-element elementor-element-52319d1 elementor-widget elementor-widget-text-editor\" data-id=\"52319d1\" data-element_type=\"widget\" data-widget_type=\"text-editor.default\">\n\t\t\t\t<div class=\"elementor-widget-container\">\n\t\t\t\t\t<div class=\"elementor-text-editor elementor-clearfix\"><p>\u3053\u308c\u3089\u306f\u3001\u30d1\u30eb\u30d7\u7523\u696d\u5411\u3051\u306e\u4e38\u592a\u3067\u3059\u3002\u6700\u5c0f\u76f4\u5f848cm\u304b\u3089\u5546\u54c1\u5316\u3055\u308c\u3066\u3044\u307e\u3059\u3002\u305d\u308c\u3089\u306f\u68ee\u6797\u306e\u7ba1\u7406\u3068\u53ce\u7a6b\u304b\u3089\u6765\u3066\u3044\u307e\u3059\u3002\u5f7c\u3089\u306e\u4e3b\u306a\u9577\u3055\u306e\u751f\u7523\u306f2.44\u30e1\u30fc\u30c8\u30eb\u3067\u3059\u3002<\/p><\/div>\n\t\t\t\t<\/div>\n\t\t\t\t<\/div>\n\t\t\t\t\t\t<\/div>\n\t\t\t\t\t<\/div>\n\t\t<\/div>\n\t\t\t\t\t\t\t\t<\/div>\n\t\t\t\t\t<\/div>\n\t\t<\/section>\n\t\t\t\t<div class=\"elementor-element elementor-element-a798bf2 elementor-widget elementor-widget-heading\" data-id=\"a798bf2\" data-element_type=\"widget\" data-widget_type=\"heading.default\">\n\t\t\t\t<div class=\"elementor-widget-container\">\n\t\t\t<h2 class=\"elementor-heading-title elementor-size-default\">\u30e6\u30fc\u30ab\u30ea<\/h2>\t\t<\/div>\n\t\t\t\t<\/div>\n\t\t\t\t<section class=\"elementor-section elementor-inner-section elementor-element elementor-element-dd85d71 elementor-section-full_width elementor-section-height-default elementor-section-height-default\" data-id=\"dd85d71\" data-element_type=\"section\" data-no-translation=\"\">\n\t\t\t\t\t\t<div class=\"elementor-container elementor-column-gap-default\">\n\t\t\t\t\t\t\t<div class=\"elementor-row\">\n\t\t\t\t\t<div class=\"elementor-column elementor-col-100 elementor-inner-column elementor-element elementor-element-a74ec2b\" data-id=\"a74ec2b\" data-element_type=\"column\">\n\t\t\t<div class=\"elementor-column-wrap elementor-element-populated\">\n\t\t\t\t\t\t\t<div class=\"elementor-widget-wrap\">\n\t\t\t\t\t\t<div class=\"elementor-element elementor-element-2d0be68 elementor-widget elementor-widget-heading\" data-id=\"2d0be68\" data-element_type=\"widget\" data-widget_type=\"heading.default\">\n\t\t\t\t<div class=\"elementor-widget-container\">\n\t\t\t<h2 class=\"elementor-heading-title elementor-size-default\">\u30e6\u30fc\u30ab\u30ea\u30b0\u30ed\u30d6\u30eb\u30b9\u3068\u30e6\u30fc\u30ab\u30ea\u30cb\u30c6\u30f3\u30ba\u30e6\u30fc\u30ab\u30ea\u30d1\u30eb\u30d7\u6750\u306e\u4e38\u592a<\/h2>\t\t<\/div>\n\t\t\t\t<\/div>\n\t\t\t\t<div class=\"elementor-element elementor-element-afef691 elementor-widget elementor-widget-text-editor\" data-id=\"afef691\" data-element_type=\"widget\" data-widget_type=\"text-editor.default\">\n\t\t\t\t<div class=\"elementor-widget-container\">\n\t\t\t\t\t<div class=\"elementor-text-editor elementor-clearfix\"><p>\u305d\u308c\u3089\u306f\u3001\u6a39\u76ae\u306e\u6709\u7121\u306b\u304b\u304b\u308f\u3089\u305a\u3001\u76f4\u5f848\u30bb\u30f3\u30c1\u30e1\u30fc\u30c8\u30eb\u3001\u9577\u30552.44\u30e1\u30fc\u30c8\u30eb\u306e\u4e38\u3044\u6728\u306e\u4e38\u592a\u3067\u8ca9\u58f2\u3055\u308c\u3066\u3044\u307e\u3059\u3002 3.50\u30e1\u30fc\u30c8\u30eb\u30687\u30e1\u30fc\u30c8\u30eb\u3002\u53ce\u7a6b\u306b\u7531\u6765\u3057\u3001\u4e3b\u306b\u30d1\u30eb\u30d7\u306b\u4f7f\u7528\u3055\u308c\u307e\u3059\u3002<\/p><\/div>\n\t\t\t\t<\/div>\n\t\t\t\t<\/div>\n\t\t\t\t<div class=\"elementor-element elementor-element-99a4656 elementor-widget elementor-widget-heading\" data-id=\"99a4656\" data-element_type=\"widget\" data-widget_type=\"heading.default\">\n\t\t\t\t<div class=\"elementor-widget-container\">\n\t\t\t<h2 class=\"elementor-heading-title elementor-size-default\">\u56fd\u5185\u5e02\u5834\u5411\u3051\u306eE.gl\u00f3bulus\u3068E.nitens\u306e\u89e6\u77e5\u53ef\u80fd\u306a\u4e38\u592a<\/h2>\t\t<\/div>\n\t\t\t\t<\/div>\n\t\t\t\t<div class=\"elementor-element elementor-element-790b8fe elementor-widget elementor-widget-text-editor\" data-id=\"790b8fe\" data-element_type=\"widget\" data-widget_type=\"text-editor.default\">\n\t\t\t\t<div class=\"elementor-widget-container\">\n\t\t\t\t\t<div class=\"elementor-text-editor elementor-clearfix\"><p>\u305d\u308c\u3089\u306f\u3001\u6a39\u76ae\u306e\u6709\u7121\u306b\u304b\u304b\u308f\u3089\u305a\u3001\u76f4\u5f848\u30bb\u30f3\u30c1\u3001\u9577\u30552.44\u3067\u8ca9\u58f2\u3055\u308c\u3066\u3044\u308b\u4e38\u592a\u3067\u3059\u3002 3.50\u30687\u30e1\u30fc\u30c8\u30eb\u3002\u305d\u308c\u3089\u306f\u53ce\u7a6b\u304b\u3089\u6765\u3066\u3001\u4e3b\u306b\u30d1\u30eb\u30d7\u306e\u751f\u7523\u306b\u4f7f\u7528\u3055\u308c\u307e\u3059\u3002<\/p><\/div>\n\t\t\t\t<\/div>\n\t\t\t\t<\/div>\n\t\t\t\t\t\t<\/div>\n\t\t\t\t\t<\/div>\n\t\t<\/div>\n\t\t\t\t\t\t\t\t<\/div>\n\t\t\t\t\t<\/div>\n\t\t<\/section>\n\t\t\t\t\t\t<\/div>\n\t\t\t\t\t<\/div>\n\t\t<\/div>\n\t\t\t\t\t\t\t\t<\/div>\n\t\t\t\t\t<\/div>\n\t\t<\/section>\n\t\t\t\t<section class=\"elementor-section elementor-top-section elementor-element elementor-element-5b389d1 elementor-section-boxed elementor-section-height-default elementor-section-height-default\" data-id=\"5b389d1\" data-element_type=\"section\" data-no-translation=\"\">\n\t\t\t\t\t\t<div class=\"elementor-container elementor-column-gap-default\">\n\t\t\t\t\t\t\t<div class=\"elementor-row\">\n\t\t\t\t\t<div class=\"elementor-column elementor-col-100 elementor-top-column elementor-element elementor-element-5f9ed4b\" data-id=\"5f9ed4b\" data-element_type=\"column\">\n\t\t\t<div class=\"elementor-column-wrap elementor-element-populated\">\n\t\t\t\t\t\t\t<div class=\"elementor-widget-wrap\">\n\t\t\t\t\t\t<div class=\"elementor-element elementor-element-7c1614a gallery-spacing-custom elementor-widget elementor-widget-image-gallery\" data-id=\"7c1614a\" data-element_type=\"widget\" data-widget_type=\"image-gallery.default\">\n\t\t\t\t<div class=\"elementor-widget-container\">\n\t\t\t\t\t<div class=\"elementor-image-gallery\">\n\t\t\t<div id='gallery-2' class='gallery galleryid-126 gallery-columns-4 gallery-size-thumbnail'><figure class='gallery-item'>\n\t\t\t<div class='gallery-icon landscape'>\n\t\t\t\t<a data-elementor-open-lightbox=\"yes\" data-elementor-lightbox-slideshow=\"7c1614a\" data-elementor-lightbox-title=\"3c5dcac9-b6db-4d39-94fb-8bb12c9abaf0_1\" href='https:\/\/forestalforesol.cl\/wp-content\/uploads\/2021\/03\/3c5dcac9-b6db-4d39-94fb-8bb12c9abaf0_1.jpg'><img loading=\"lazy\" decoding=\"async\" width=\"150\" height=\"150\" src=\"https:\/\/forestalforesol.cl\/wp-content\/uploads\/2021\/03\/3c5dcac9-b6db-4d39-94fb-8bb12c9abaf0_1-150x150.jpg\" class=\"attachment-thumbnail size-thumbnail\" alt=\"\" aria-describedby=\"gallery-2-138\" \/><\/a>\n\t\t\t<\/div>\n\t\t\t\t<figcaption class='wp-caption-text gallery-caption' id='gallery-2-138'>\n\t\t\t\t1\n\t\t\t\t<\/figcaption><\/figure><figure class='gallery-item'>\n\t\t\t<div class='gallery-icon landscape'>\n\t\t\t\t<a data-elementor-open-lightbox=\"yes\" data-elementor-lightbox-slideshow=\"7c1614a\" data-elementor-lightbox-title=\"Foresol-15\" href='https:\/\/forestalforesol.cl\/wp-content\/uploads\/2021\/03\/Foresol-15.jpg'><img loading=\"lazy\" decoding=\"async\" width=\"150\" height=\"150\" src=\"https:\/\/forestalforesol.cl\/wp-content\/uploads\/2021\/03\/Foresol-15-150x150.jpg\" class=\"attachment-thumbnail size-thumbnail\" alt=\"\" aria-describedby=\"gallery-2-137\" \/><\/a>\n\t\t\t<\/div>\n\t\t\t\t<figcaption class='wp-caption-text gallery-caption' id='gallery-2-137'>\n\t\t\t\t2\n\t\t\t\t<\/figcaption><\/figure><figure class='gallery-item'>\n\t\t\t<div class='gallery-icon landscape'>\n\t\t\t\t<a data-elementor-open-lightbox=\"yes\" data-elementor-lightbox-slideshow=\"7c1614a\" data-elementor-lightbox-title=\"Foresol-14\" href='https:\/\/forestalforesol.cl\/wp-content\/uploads\/2021\/03\/Foresol-14.jpg'><img loading=\"lazy\" decoding=\"async\" width=\"150\" height=\"150\" src=\"https:\/\/forestalforesol.cl\/wp-content\/uploads\/2021\/03\/Foresol-14-150x150.jpg\" class=\"attachment-thumbnail size-thumbnail\" alt=\"\" aria-describedby=\"gallery-2-136\" \/><\/a>\n\t\t\t<\/div>\n\t\t\t\t<figcaption class='wp-caption-text gallery-caption' id='gallery-2-136'>\n\t\t\t\t3\n\t\t\t\t<\/figcaption><\/figure><figure class='gallery-item'>\n\t\t\t<div class='gallery-icon landscape'>\n\t\t\t\t<a data-elementor-open-lightbox=\"yes\" data-elementor-lightbox-slideshow=\"7c1614a\" data-elementor-lightbox-title=\"Foresol-13\" href='https:\/\/forestalforesol.cl\/wp-content\/uploads\/2021\/03\/Foresol-13.jpg'><img loading=\"lazy\" decoding=\"async\" width=\"150\" height=\"150\" src=\"https:\/\/forestalforesol.cl\/wp-content\/uploads\/2021\/03\/Foresol-13-150x150.jpg\" class=\"attachment-thumbnail size-thumbnail\" alt=\"\" aria-describedby=\"gallery-2-135\" \/><\/a>\n\t\t\t<\/div>\n\t\t\t\t<figcaption class='wp-caption-text gallery-caption' id='gallery-2-135'>\n\t\t\t\t4\n\t\t\t\t<\/figcaption><\/figure><figure class='gallery-item'>\n\t\t\t<div class='gallery-icon landscape'>\n\t\t\t\t<a data-elementor-open-lightbox=\"yes\" data-elementor-lightbox-slideshow=\"7c1614a\" data-elementor-lightbox-title=\"Foresol-12\" href='https:\/\/forestalforesol.cl\/wp-content\/uploads\/2021\/03\/Foresol-12.jpg'><img loading=\"lazy\" decoding=\"async\" width=\"150\" height=\"150\" src=\"https:\/\/forestalforesol.cl\/wp-content\/uploads\/2021\/03\/Foresol-12-150x150.jpg\" class=\"attachment-thumbnail size-thumbnail\" alt=\"\" aria-describedby=\"gallery-2-134\" \/><\/a>\n\t\t\t<\/div>\n\t\t\t\t<figcaption class='wp-caption-text gallery-caption' id='gallery-2-134'>\n\t\t\t\t5\n\t\t\t\t<\/figcaption><\/figure><figure class='gallery-item'>\n\t\t\t<div class='gallery-icon landscape'>\n\t\t\t\t<a data-elementor-open-lightbox=\"yes\" data-elementor-lightbox-slideshow=\"7c1614a\" data-elementor-lightbox-title=\"Foresol-11\" href='https:\/\/forestalforesol.cl\/wp-content\/uploads\/2021\/03\/Foresol-11.jpg'><img loading=\"lazy\" decoding=\"async\" width=\"150\" height=\"150\" src=\"https:\/\/forestalforesol.cl\/wp-content\/uploads\/2021\/03\/Foresol-11-150x150.jpg\" class=\"attachment-thumbnail size-thumbnail\" alt=\"\" aria-describedby=\"gallery-2-133\" \/><\/a>\n\t\t\t<\/div>\n\t\t\t\t<figcaption class='wp-caption-text gallery-caption' id='gallery-2-133'>\n\t\t\t\t6\n\t\t\t\t<\/figcaption><\/figure><figure class='gallery-item'>\n\t\t\t<div class='gallery-icon landscape'>\n\t\t\t\t<a data-elementor-open-lightbox=\"yes\" data-elementor-lightbox-slideshow=\"7c1614a\" data-elementor-lightbox-title=\"Foresol-10\" href='https:\/\/forestalforesol.cl\/wp-content\/uploads\/2021\/03\/Foresol-10.jpg'><img loading=\"lazy\" decoding=\"async\" width=\"150\" height=\"150\" src=\"https:\/\/forestalforesol.cl\/wp-content\/uploads\/2021\/03\/Foresol-10-150x150.jpg\" class=\"attachment-thumbnail size-thumbnail\" alt=\"\" aria-describedby=\"gallery-2-132\" \/><\/a>\n\t\t\t<\/div>\n\t\t\t\t<figcaption class='wp-caption-text gallery-caption' id='gallery-2-132'>\n\t\t\t\t7\n\t\t\t\t<\/figcaption><\/figure><figure class='gallery-item'>\n\t\t\t<div class='gallery-icon landscape'>\n\t\t\t\t<a data-elementor-open-lightbox=\"yes\" data-elementor-lightbox-slideshow=\"7c1614a\" data-elementor-lightbox-title=\"Foresol-9\" href='https:\/\/forestalforesol.cl\/wp-content\/uploads\/2021\/03\/Foresol-9.jpg'><img loading=\"lazy\" decoding=\"async\" width=\"150\" height=\"150\" src=\"https:\/\/forestalforesol.cl\/wp-content\/uploads\/2021\/03\/Foresol-9-150x150.jpg\" class=\"attachment-thumbnail size-thumbnail\" alt=\"\" aria-describedby=\"gallery-2-131\" \/><\/a>\n\t\t\t<\/div>\n\t\t\t\t<figcaption class='wp-caption-text gallery-caption' id='gallery-2-131'>\n\t\t\t\t8\n\t\t\t\t<\/figcaption><\/figure><figure class='gallery-item'>\n\t\t\t<div class='gallery-icon landscape'>\n\t\t\t\t<a data-elementor-open-lightbox=\"yes\" data-elementor-lightbox-slideshow=\"7c1614a\" data-elementor-lightbox-title=\"Foresol-8\" href='https:\/\/forestalforesol.cl\/wp-content\/uploads\/2021\/03\/Foresol-8.jpg'><img loading=\"lazy\" decoding=\"async\" width=\"150\" height=\"150\" src=\"https:\/\/forestalforesol.cl\/wp-content\/uploads\/2021\/03\/Foresol-8-150x150.jpg\" class=\"attachment-thumbnail size-thumbnail\" alt=\"\" aria-describedby=\"gallery-2-130\" \/><\/a>\n\t\t\t<\/div>\n\t\t\t\t<figcaption class='wp-caption-text gallery-caption' id='gallery-2-130'>\n\t\t\t\t9\n\t\t\t\t<\/figcaption><\/figure><figure class='gallery-item'>\n\t\t\t<div class='gallery-icon landscape'>\n\t\t\t\t<a data-elementor-open-lightbox=\"yes\" data-elementor-lightbox-slideshow=\"7c1614a\" data-elementor-lightbox-title=\"Foresol-7\" href='https:\/\/forestalforesol.cl\/wp-content\/uploads\/2021\/03\/Foresol-7.jpg'><img loading=\"lazy\" decoding=\"async\" width=\"150\" height=\"150\" src=\"https:\/\/forestalforesol.cl\/wp-content\/uploads\/2021\/03\/Foresol-7-150x150.jpg\" class=\"attachment-thumbnail size-thumbnail\" alt=\"\" aria-describedby=\"gallery-2-145\" \/><\/a>\n\t\t\t<\/div>\n\t\t\t\t<figcaption class='wp-caption-text gallery-caption' id='gallery-2-145'>\n\t\t\t\t10\n\t\t\t\t<\/figcaption><\/figure><figure class='gallery-item'>\n\t\t\t<div class='gallery-icon landscape'>\n\t\t\t\t<a data-elementor-open-lightbox=\"yes\" data-elementor-lightbox-slideshow=\"7c1614a\" data-elementor-lightbox-title=\"Foresol-6\" href='https:\/\/forestalforesol.cl\/wp-content\/uploads\/2021\/03\/Foresol-6.jpg'><img loading=\"lazy\" decoding=\"async\" width=\"150\" height=\"150\" src=\"https:\/\/forestalforesol.cl\/wp-content\/uploads\/2021\/03\/Foresol-6-150x150.jpg\" class=\"attachment-thumbnail size-thumbnail\" alt=\"\" aria-describedby=\"gallery-2-144\" \/><\/a>\n\t\t\t<\/div>\n\t\t\t\t<figcaption class='wp-caption-text gallery-caption' id='gallery-2-144'>\n\t\t\t\t11\n\t\t\t\t<\/figcaption><\/figure><figure class='gallery-item'>\n\t\t\t<div class='gallery-icon landscape'>\n\t\t\t\t<a data-elementor-open-lightbox=\"yes\" data-elementor-lightbox-slideshow=\"7c1614a\" data-elementor-lightbox-title=\"Foresol-5\" href='https:\/\/forestalforesol.cl\/wp-content\/uploads\/2021\/03\/Foresol-5.jpg'><img loading=\"lazy\" decoding=\"async\" width=\"150\" height=\"150\" src=\"https:\/\/forestalforesol.cl\/wp-content\/uploads\/2021\/03\/Foresol-5-150x150.jpg\" class=\"attachment-thumbnail size-thumbnail\" alt=\"\" aria-describedby=\"gallery-2-143\" \/><\/a>\n\t\t\t<\/div>\n\t\t\t\t<figcaption class='wp-caption-text gallery-caption' id='gallery-2-143'>\n\t\t\t\t12\n\t\t\t\t<\/figcaption><\/figure><figure class='gallery-item'>\n\t\t\t<div class='gallery-icon landscape'>\n\t\t\t\t<a data-elementor-open-lightbox=\"yes\" data-elementor-lightbox-slideshow=\"7c1614a\" data-elementor-lightbox-title=\"Foresol-4\" href='https:\/\/forestalforesol.cl\/wp-content\/uploads\/2021\/03\/Foresol-4.jpg'><img loading=\"lazy\" decoding=\"async\" width=\"150\" height=\"150\" src=\"https:\/\/forestalforesol.cl\/wp-content\/uploads\/2021\/03\/Foresol-4-150x150.jpg\" class=\"attachment-thumbnail size-thumbnail\" alt=\"\" aria-describedby=\"gallery-2-142\" \/><\/a>\n\t\t\t<\/div>\n\t\t\t\t<figcaption class='wp-caption-text gallery-caption' id='gallery-2-142'>\n\t\t\t\t13\n\t\t\t\t<\/figcaption><\/figure><figure class='gallery-item'>\n\t\t\t<div class='gallery-icon landscape'>\n\t\t\t\t<a data-elementor-open-lightbox=\"yes\" data-elementor-lightbox-slideshow=\"7c1614a\" data-elementor-lightbox-title=\"Foresol-3\" href='https:\/\/forestalforesol.cl\/wp-content\/uploads\/2021\/03\/Foresol-3.jpg'><img loading=\"lazy\" decoding=\"async\" width=\"150\" height=\"150\" src=\"https:\/\/forestalforesol.cl\/wp-content\/uploads\/2021\/03\/Foresol-3-150x150.jpg\" class=\"attachment-thumbnail size-thumbnail\" alt=\"\" aria-describedby=\"gallery-2-141\" \/><\/a>\n\t\t\t<\/div>\n\t\t\t\t<figcaption class='wp-caption-text gallery-caption' id='gallery-2-141'>\n\t\t\t\t14\n\t\t\t\t<\/figcaption><\/figure><figure class='gallery-item'>\n\t\t\t<div class='gallery-icon landscape'>\n\t\t\t\t<a data-elementor-open-lightbox=\"yes\" data-elementor-lightbox-slideshow=\"7c1614a\" data-elementor-lightbox-title=\"Foresol-2\" href='https:\/\/forestalforesol.cl\/wp-content\/uploads\/2021\/03\/Foresol-2.jpg'><img loading=\"lazy\" decoding=\"async\" width=\"150\" height=\"150\" src=\"https:\/\/forestalforesol.cl\/wp-content\/uploads\/2021\/03\/Foresol-2-150x150.jpg\" class=\"attachment-thumbnail size-thumbnail\" alt=\"\" aria-describedby=\"gallery-2-140\" \/><\/a>\n\t\t\t<\/div>\n\t\t\t\t<figcaption class='wp-caption-text gallery-caption' id='gallery-2-140'>\n\t\t\t\t15\n\t\t\t\t<\/figcaption><\/figure><figure class='gallery-item'>\n\t\t\t<div class='gallery-icon landscape'>\n\t\t\t\t<a data-elementor-open-lightbox=\"yes\" data-elementor-lightbox-slideshow=\"7c1614a\" data-elementor-lightbox-title=\"Foresol-1\" href='https:\/\/forestalforesol.cl\/wp-content\/uploads\/2021\/03\/Foresol-1.jpg'><img loading=\"lazy\" decoding=\"async\" width=\"150\" height=\"150\" src=\"https:\/\/forestalforesol.cl\/wp-content\/uploads\/2021\/03\/Foresol-1-150x150.jpg\" class=\"attachment-thumbnail size-thumbnail\" alt=\"\" aria-describedby=\"gallery-2-139\" \/><\/a>\n\t\t\t<\/div>\n\t\t\t\t<figcaption class='wp-caption-text gallery-caption' id='gallery-2-139'>\n\t\t\t\t16\n\t\t\t\t<\/figcaption><\/figure>\n\t\t<\/div>\n\t\t<\/div>\n\t\t\t\t<\/div>\n\t\t\t\t<\/div>\n\t\t\t\t\t\t<\/div>\n\t\t\t\t\t<\/div>\n\t\t<\/div>\n\t\t\t\t\t\t\t\t<\/div>\n\t\t\t\t\t<\/div>\n\t\t<\/section>\n\t\t\t\t\t\t<\/div>\n\t\t\t\t\t\t<\/div>\n\t\t\t\t\t<\/div>","protected":false},"excerpt":{"rendered":"<p>Pino radiata De los bosques de Pino Radiata se obtienen principalmente los siguientes productos, dependiendo de su calidad, di\u00e1metro y largo. Estos son rollizos aserreables podados, industriales y pulpables. Rollizos aserreables podados Estos provienen de un \u00e1rbol que fue podado a temprana edad, permitiendo obtener madera libre de nudos, para ser utilizada en la producci\u00f3n de chapas y tableros. Estos deben ser frescos, rectos, sin manchas, sin protuberancias, sin ramas y nudos de ning\u00fan tipo. Se comercializan desde un di\u00e1metro m\u00ednimo de 28 cent\u00edmetros. Rollizos aserreables industriales Ser una empresa reconocida en el sector forestal, por la calidad de nuestros productos, la seriedad de nuestros negocios, la preocupaci\u00f3n por el [&hellip;]<\/p>","protected":false},"author":1,"featured_media":0,"parent":0,"menu_order":0,"comment_status":"closed","ping_status":"closed","template":"","meta":{"footnotes":""},"class_list":["post-126","page","type-page","status-publish","hentry"],"_links":{"self":[{"href":"https:\/\/forestalforesol.cl\/ja\/wp-json\/wp\/v2\/pages\/126","targetHints":{"allow":["GET"]}}],"collection":[{"href":"https:\/\/forestalforesol.cl\/ja\/wp-json\/wp\/v2\/pages"}],"about":[{"href":"https:\/\/forestalforesol.cl\/ja\/wp-json\/wp\/v2\/types\/page"}],"author":[{"embeddable":true,"href":"https:\/\/forestalforesol.cl\/ja\/wp-json\/wp\/v2\/users\/1"}],"replies":[{"embeddable":true,"href":"https:\/\/forestalforesol.cl\/ja\/wp-json\/wp\/v2\/comments?post=126"}],"version-history":[{"count":6,"href":"https:\/\/forestalforesol.cl\/ja\/wp-json\/wp\/v2\/pages\/126\/revisions"}],"predecessor-version":[{"id":316,"href":"https:\/\/forestalforesol.cl\/ja\/wp-json\/wp\/v2\/pages\/126\/revisions\/316"}],"wp:attachment":[{"href":"https:\/\/forestalforesol.cl\/ja\/wp-json\/wp\/v2\/media?parent=126"}],"curies":[{"name":"wp","href":"https:\/\/api.w.org\/{rel}","templated":true}]}}