{"id":244,"date":"2021-03-21T22:28:59","date_gmt":"2021-03-22T01:28:59","guid":{"rendered":"https:\/\/forestalforesol.cl\/?page_id=244"},"modified":"2023-08-17T21:27:55","modified_gmt":"2023-08-18T00:27:55","slug":"compromiso","status":"publish","type":"page","link":"https:\/\/forestalforesol.cl\/en\/compromiso\/","title":{"rendered":"COMPROMISO"},"content":{"rendered":"<div data-elementor-type=\"wp-page\" data-elementor-id=\"244\" class=\"elementor elementor-244\" data-elementor-settings=\"[]\">\n\t\t\t\t\t\t<div class=\"elementor-inner\">\n\t\t\t\t\t\t\t<div class=\"elementor-section-wrap\">\n\t\t\t\t\t\t\t<section class=\"elementor-section elementor-top-section elementor-element elementor-element-595bcb8 elementor-section-boxed elementor-section-height-default elementor-section-height-default\" data-id=\"595bcb8\" data-element_type=\"section\" data-no-translation=\"\">\n\t\t\t\t\t\t<div class=\"elementor-container elementor-column-gap-default\">\n\t\t\t\t\t\t\t<div class=\"elementor-row\">\n\t\t\t\t\t<div class=\"elementor-column elementor-col-66 elementor-top-column elementor-element elementor-element-5161dc6\" data-id=\"5161dc6\" data-element_type=\"column\">\n\t\t\t<div class=\"elementor-column-wrap elementor-element-populated\">\n\t\t\t\t\t\t\t<div class=\"elementor-widget-wrap\">\n\t\t\t\t\t\t<div class=\"elementor-element elementor-element-89d01f0 elementor-widget elementor-widget-heading\" data-id=\"89d01f0\" data-element_type=\"widget\" data-widget_type=\"heading.default\">\n\t\t\t\t<div class=\"elementor-widget-container\">\n\t\t\t<h2 class=\"elementor-heading-title elementor-size-default\">Supply Policy\nControlled woods<\/h2>\t\t<\/div>\n\t\t\t\t<\/div>\n\t\t\t\t<div class=\"elementor-element elementor-element-e773707 elementor-widget elementor-widget-text-editor\" data-id=\"e773707\" data-element_type=\"widget\" data-widget_type=\"text-editor.default\">\n\t\t\t\t<div class=\"elementor-widget-container\">\n\t\t\t\t\t<div class=\"elementor-text-editor elementor-clearfix\"><p>In order to responsibly carry out its supply of wood, FORESTAL FORESOL SpA, assumes the commitment to implement and comply with the standard for controlled wood, for all its sources of supply, establishing a policy of adhesion to the following categories:<\/p><\/div>\n\t\t\t\t<\/div>\n\t\t\t\t<\/div>\n\t\t\t\t<div class=\"elementor-element elementor-element-206f609 elementor-widget elementor-widget-text-editor\" data-id=\"206f609\" data-element_type=\"widget\" data-widget_type=\"text-editor.default\">\n\t\t\t\t<div class=\"elementor-widget-container\">\n\t\t\t\t\t<div class=\"elementor-text-editor elementor-clearfix\"><ul><li>Do not use illegally extracted wood.<\/li><li>Do not use extracted wood in violation of traditional and civil rights.<\/li><li>Do not use wood from forests whose high conservation values are threatened by management activities.<\/li><li>Do not use wood that comes from areas that were subjected to substitution of native forest for agricultural land and \/ or plantations.<\/li><li>Do not use wood from genetically modified forests.<\/li><\/ul><\/div>\n\t\t\t\t<\/div>\n\t\t\t\t<\/div>\n\t\t\t\t<div class=\"elementor-element elementor-element-90c33e7 elementor-widget elementor-widget-text-editor\" data-id=\"90c33e7\" data-element_type=\"widget\" data-widget_type=\"text-editor.default\">\n\t\t\t\t<div class=\"elementor-widget-container\">\n\t\t\t\t\t<div class=\"elementor-text-editor elementor-clearfix\"><p>Concepci\u00f3n, June 2013.&nbsp;<\/p><\/div>\n\t\t\t\t<\/div>\n\t\t\t\t<\/div>\n\t\t\t\t<div class=\"elementor-element elementor-element-d8ebebe elementor-widget elementor-widget-text-editor\" data-id=\"d8ebebe\" data-element_type=\"widget\" data-widget_type=\"text-editor.default\">\n\t\t\t\t<div class=\"elementor-widget-container\">\n\t\t\t\t\t<div class=\"elementor-text-editor elementor-clearfix\"><p>Rodrigo Olgu\u00edn Villalobos<br \/>General Manager<\/p><\/div>\n\t\t\t\t<\/div>\n\t\t\t\t<\/div>\n\t\t\t\t\t\t<\/div>\n\t\t\t\t\t<\/div>\n\t\t<\/div>\n\t\t\t\t<div class=\"elementor-column elementor-col-33 elementor-top-column elementor-element elementor-element-0b3de19\" data-id=\"0b3de19\" data-element_type=\"column\">\n\t\t\t<div class=\"elementor-column-wrap elementor-element-populated\">\n\t\t\t\t\t\t\t<div class=\"elementor-widget-wrap\">\n\t\t\t\t\t\t<div class=\"elementor-element elementor-element-94d4297 elementor-widget elementor-widget-image\" data-id=\"94d4297\" data-element_type=\"widget\" data-widget_type=\"image.default\">\n\t\t\t\t<div class=\"elementor-widget-container\">\n\t\t\t\t\t<div class=\"elementor-image\">\n\t\t\t\t\t\t\t\t\t\t<img decoding=\"async\" src=\"https:\/\/forestalforesol.cl\/wp-content\/uploads\/elementor\/thumbs\/COMPROMISO-p4kjnt33texzy154s5rpb1mvmhe80rayti48z8hrew.jpg\" title=\"COMPROMISO\" alt=\"COMPROMISO\" \/>\t\t\t\t\t\t\t\t\t\t\t<\/div>\n\t\t\t\t<\/div>\n\t\t\t\t<\/div>\n\t\t\t\t\t\t<\/div>\n\t\t\t\t\t<\/div>\n\t\t<\/div>\n\t\t\t\t\t\t\t\t<\/div>\n\t\t\t\t\t<\/div>\n\t\t<\/section>\n\t\t\t\t\t\t<\/div>\n\t\t\t\t\t\t<\/div>\n\t\t\t\t\t<\/div>","protected":false},"excerpt":{"rendered":"<p>Pol\u00edtica de Abastecimiento Maderas Controladas Con el objeto de llevar a cabo responsablemente su abastecimiento de maderas, FORESTAL FORESOL SpA, asume el compromiso de implementar y cumplir con el est\u00e1ndar para maderas controladas , para todas sus fuentes de abastecimiento, estableciendo una pol\u00edtica de adhesi\u00f3n a las siguientes categor\u00edas: 1. No utilizar madera extra\u00edda il\u00edcitamente. [&hellip;]<\/p>","protected":false},"author":1,"featured_media":0,"parent":0,"menu_order":0,"comment_status":"closed","ping_status":"closed","template":"","meta":{"footnotes":""},"class_list":["post-244","page","type-page","status-publish","hentry"],"_links":{"self":[{"href":"https:\/\/forestalforesol.cl\/en\/wp-json\/wp\/v2\/pages\/244","targetHints":{"allow":["GET"]}}],"collection":[{"href":"https:\/\/forestalforesol.cl\/en\/wp-json\/wp\/v2\/pages"}],"about":[{"href":"https:\/\/forestalforesol.cl\/en\/wp-json\/wp\/v2\/types\/page"}],"author":[{"embeddable":true,"href":"https:\/\/forestalforesol.cl\/en\/wp-json\/wp\/v2\/users\/1"}],"replies":[{"embeddable":true,"href":"https:\/\/forestalforesol.cl\/en\/wp-json\/wp\/v2\/comments?post=244"}],"version-history":[{"count":8,"href":"https:\/\/forestalforesol.cl\/en\/wp-json\/wp\/v2\/pages\/244\/revisions"}],"predecessor-version":[{"id":443,"href":"https:\/\/forestalforesol.cl\/en\/wp-json\/wp\/v2\/pages\/244\/revisions\/443"}],"wp:attachment":[{"href":"https:\/\/forestalforesol.cl\/en\/wp-json\/wp\/v2\/media?parent=244"}],"curies":[{"name":"wp","href":"https:\/\/api.w.org\/{rel}","templated":true}]}}